{"id":25514,"date":"2025-08-05T15:23:55","date_gmt":"2025-08-05T12:23:55","guid":{"rendered":"https:\/\/mobitek.com\/versuchs-mal-erfolgsgeschichte\/"},"modified":"2025-08-12T13:35:40","modified_gmt":"2025-08-12T10:35:40","slug":"versuchs-mal-erfolgsgeschichte","status":"publish","type":"page","link":"https:\/\/mobitek.com\/de\/versuchs-mal-erfolgsgeschichte\/","title":{"rendered":"Take a Shot &#8211; Erfolgsgeschichte"},"content":{"rendered":"\t\t<div data-elementor-type=\"wp-page\" data-elementor-id=\"25514\" class=\"elementor elementor-25514 elementor-24795\" data-elementor-post-type=\"page\">\n\t\t\t\t\t\t<section class=\"elementor-section elementor-top-section elementor-element elementor-element-5636ab24 elementor-section-boxed elementor-section-height-default elementor-section-height-default\" data-id=\"5636ab24\" data-element_type=\"section\" data-e-type=\"section\">\n\t\t\t\t\t\t<div class=\"elementor-container elementor-column-gap-default\">\n\t\t\t\t\t<div class=\"elementor-column elementor-col-100 elementor-top-column elementor-element elementor-element-389e0623\" data-id=\"389e0623\" data-element_type=\"column\" data-e-type=\"column\">\n\t\t\t<div class=\"elementor-widget-wrap elementor-element-populated\">\n\t\t\t\t\t\t<div class=\"elementor-element elementor-element-6505625d elementor-widget elementor-widget-text-editor\" data-id=\"6505625d\" data-element_type=\"widget\" data-e-type=\"widget\" data-widget_type=\"text-editor.default\">\n\t\t\t\t<div class=\"elementor-widget-container\">\n\t\t\t\t\t\t\t\t\t<div class=\"customer-details\">\n<div class=\"custom-customer-img\"><img decoding=\"async\" src=\"\/wp-content\/uploads\/2025\/07\/Take-a-Shot-Logo.webp\" alt=\"Take a Shot\"><\/div>\n&nbsp;\n<p class=\"title\">Follower-Zuwachs bei Instagram\n Um 400% gestiegen<\/p>\n<p class=\"description\">Dank der kreativen Inhaltsreihen und des zielgerichteten Story-Formats, das wir auf Instagram implementiert haben, haben wir eine soziale Erfolgsgeschichte geschaffen, die die Marke hervorhebt. W\u00e4hrend die Markenidentit\u00e4t gest\u00e4rkt und die Nutzerbindung maximiert wurde, haben wir die M\u00f6glichkeiten maximiert, neue Zielgruppen zu erreichen und mit ihnen zu interagieren. <\/p>\n\n\n<hr>\n\n<div class=\"customer-stats\">\n<p class=\"stat\"><span>+300%<\/span> <br>Follower-Zuwachs<\/p>\n\n<p class=\"stat\"><span>+4M<\/span> <br>Ansichten<\/p>\n\n<p class=\"stat\"><span>+100%<\/span> <br>Inhaltliches Engagement<\/p>\n\n<p class=\"stat\"><span>+400%\n<\/span> <br> Zugriff<\/p>\n\n<\/div>\n<\/div>\t\t\t\t\t\t\t\t<\/div>\n\t\t\t\t<\/div>\n\t\t\t\t\t<\/div>\n\t\t<\/div>\n\t\t\t\t\t<\/div>\n\t\t<\/section>\n\t\t\t\t<\/div>\n\t\t","protected":false},"excerpt":{"rendered":"<p>&nbsp; Follower-Zuwachs bei Instagram Um 400% gestiegen Dank der kreativen Inhaltsreihen und des zielgerichteten Story-Formats, das wir auf Instagram implementiert haben, haben wir eine soziale Erfolgsgeschichte geschaffen, die die Marke hervorhebt. W\u00e4hrend die Markenidentit\u00e4t gest\u00e4rkt und die Nutzerbindung maximiert wurde, haben wir die M\u00f6glichkeiten maximiert, neue Zielgruppen zu erreichen und mit ihnen zu interagieren. +300%&hellip; <a class=\"more-link\" href=\"https:\/\/mobitek.com\/de\/versuchs-mal-erfolgsgeschichte\/\">Continue reading <span class=\"screen-reader-text\">Take a Shot &#8211; Erfolgsgeschichte<\/span><\/a><\/p>\n","protected":false},"author":3,"featured_media":25515,"parent":0,"menu_order":0,"comment_status":"closed","ping_status":"closed","template":"","meta":{"footnotes":""},"class_list":["post-25514","page","type-page","status-publish","has-post-thumbnail","hentry","entry"],"_links":{"self":[{"href":"https:\/\/mobitek.com\/de\/wp-json\/wp\/v2\/pages\/25514","targetHints":{"allow":["GET"]}}],"collection":[{"href":"https:\/\/mobitek.com\/de\/wp-json\/wp\/v2\/pages"}],"about":[{"href":"https:\/\/mobitek.com\/de\/wp-json\/wp\/v2\/types\/page"}],"author":[{"embeddable":true,"href":"https:\/\/mobitek.com\/de\/wp-json\/wp\/v2\/users\/3"}],"replies":[{"embeddable":true,"href":"https:\/\/mobitek.com\/de\/wp-json\/wp\/v2\/comments?post=25514"}],"version-history":[{"count":3,"href":"https:\/\/mobitek.com\/de\/wp-json\/wp\/v2\/pages\/25514\/revisions"}],"predecessor-version":[{"id":25518,"href":"https:\/\/mobitek.com\/de\/wp-json\/wp\/v2\/pages\/25514\/revisions\/25518"}],"wp:featuredmedia":[{"embeddable":true,"href":"https:\/\/mobitek.com\/de\/wp-json\/wp\/v2\/media\/25515"}],"wp:attachment":[{"href":"https:\/\/mobitek.com\/de\/wp-json\/wp\/v2\/media?parent=25514"}],"curies":[{"name":"wp","href":"https:\/\/api.w.org\/{rel}","templated":true}]}}