{"id":25532,"date":"2025-08-05T16:33:44","date_gmt":"2025-08-05T13:33:44","guid":{"rendered":"https:\/\/mobitek.com\/aisin-automobilindustrie\/"},"modified":"2025-08-12T14:26:38","modified_gmt":"2025-08-12T11:26:38","slug":"aisin-automobilindustrie","status":"publish","type":"page","link":"https:\/\/mobitek.com\/de\/aisin-automobilindustrie\/","title":{"rendered":"Aisin Automobilindustrie"},"content":{"rendered":"\t\t<div data-elementor-type=\"wp-page\" data-elementor-id=\"25532\" class=\"elementor elementor-25532 elementor-24874\" data-elementor-post-type=\"page\">\n\t\t\t\t\t\t<section class=\"elementor-section elementor-top-section elementor-element elementor-element-b0a3c29 elementor-section-boxed elementor-section-height-default elementor-section-height-default\" data-id=\"b0a3c29\" data-element_type=\"section\" data-e-type=\"section\">\n\t\t\t\t\t\t<div class=\"elementor-container elementor-column-gap-default\">\n\t\t\t\t\t<div class=\"elementor-column elementor-col-100 elementor-top-column elementor-element elementor-element-2551df5\" data-id=\"2551df5\" data-element_type=\"column\" data-e-type=\"column\">\n\t\t\t<div class=\"elementor-widget-wrap elementor-element-populated\">\n\t\t\t\t\t\t<div class=\"elementor-element elementor-element-9cf7801 elementor-widget elementor-widget-text-editor\" data-id=\"9cf7801\" data-element_type=\"widget\" data-e-type=\"widget\" data-widget_type=\"text-editor.default\">\n\t\t\t\t<div class=\"elementor-widget-container\">\n\t\t\t\t\t\t\t\t\t<div class=\"customer-details\">\n<div class=\"custom-customer-img \"><img decoding=\"async\" src=\"\/wp-content\/uploads\/2025\/07\/Aisin-We-Touch-the-Future-Logo.webp\" alt=\"Aisin\"><\/div> <br><p class=\"title\">Wir haben 475% mehr Follower mit LinkedIn erhalten<\/p>\n<p class=\"description\">Dank der zielgerichteten Content-Strategie, die wir auf LinkedIn eingef\u00fchrt haben, konnten wir die Branchenexpertise und den innovativen Ansatz der Marke auf beeindruckende Weise in der LinkedIn-Community bekannt machen. Das st\u00e4rkte den professionellen Ruf der Marke und erh\u00f6hte die M\u00f6glichkeiten zur Zusammenarbeit und Vernetzung. <\/p>\n\n\n<hr>\n\n<div class=\"customer-stats\">\n<p class=\"stat\"><span>+475% <\/span> <br>Follower-Zuwachs<\/p>\n\n<p class=\"stat\"><span>+1M<\/span> <br>Ansichten<\/p>\n\n<p class=\"stat\"><span>+100% <\/span> <br>Inhaltliches Engagement<\/p>\n\n<p class=\"stat\"><span>+100% <\/span> <br>Zugriff<\/p>\n\n<\/div>\n<\/div>\t\t\t\t\t\t\t\t<\/div>\n\t\t\t\t<\/div>\n\t\t\t\t\t<\/div>\n\t\t<\/div>\n\t\t\t\t\t<\/div>\n\t\t<\/section>\n\t\t\t\t<\/div>\n\t\t","protected":false},"excerpt":{"rendered":"<p>Wir haben 475% mehr Follower mit LinkedIn erhalten Dank der zielgerichteten Content-Strategie, die wir auf LinkedIn eingef\u00fchrt haben, konnten wir die Branchenexpertise und den innovativen Ansatz der Marke auf beeindruckende Weise in der LinkedIn-Community bekannt machen. Das st\u00e4rkte den professionellen Ruf der Marke und erh\u00f6hte die M\u00f6glichkeiten zur Zusammenarbeit und Vernetzung. +475% Follower-Zuwachs +1M Ansichten&hellip; <a class=\"more-link\" href=\"https:\/\/mobitek.com\/de\/aisin-automobilindustrie\/\">Continue reading <span class=\"screen-reader-text\">Aisin Automobilindustrie<\/span><\/a><\/p>\n","protected":false},"author":3,"featured_media":25534,"parent":0,"menu_order":0,"comment_status":"closed","ping_status":"closed","template":"","meta":{"footnotes":""},"class_list":["post-25532","page","type-page","status-publish","has-post-thumbnail","hentry","entry"],"_links":{"self":[{"href":"https:\/\/mobitek.com\/de\/wp-json\/wp\/v2\/pages\/25532","targetHints":{"allow":["GET"]}}],"collection":[{"href":"https:\/\/mobitek.com\/de\/wp-json\/wp\/v2\/pages"}],"about":[{"href":"https:\/\/mobitek.com\/de\/wp-json\/wp\/v2\/types\/page"}],"author":[{"embeddable":true,"href":"https:\/\/mobitek.com\/de\/wp-json\/wp\/v2\/users\/3"}],"replies":[{"embeddable":true,"href":"https:\/\/mobitek.com\/de\/wp-json\/wp\/v2\/comments?post=25532"}],"version-history":[{"count":1,"href":"https:\/\/mobitek.com\/de\/wp-json\/wp\/v2\/pages\/25532\/revisions"}],"predecessor-version":[{"id":25535,"href":"https:\/\/mobitek.com\/de\/wp-json\/wp\/v2\/pages\/25532\/revisions\/25535"}],"wp:featuredmedia":[{"embeddable":true,"href":"https:\/\/mobitek.com\/de\/wp-json\/wp\/v2\/media\/25534"}],"wp:attachment":[{"href":"https:\/\/mobitek.com\/de\/wp-json\/wp\/v2\/media?parent=25532"}],"curies":[{"name":"wp","href":"https:\/\/api.w.org\/{rel}","templated":true}]}}