{"id":25536,"date":"2025-08-05T16:38:29","date_gmt":"2025-08-05T13:38:29","guid":{"rendered":"https:\/\/mobitek.com\/schesir-erfolgsgeschichte\/"},"modified":"2025-08-12T14:26:54","modified_gmt":"2025-08-12T11:26:54","slug":"schesir-erfolgsgeschichte","status":"publish","type":"page","link":"https:\/\/mobitek.com\/de\/schesir-erfolgsgeschichte\/","title":{"rendered":"Schesir Erfolgsgeschichte"},"content":{"rendered":"\t\t<div data-elementor-type=\"wp-page\" data-elementor-id=\"25536\" class=\"elementor elementor-25536 elementor-24884\" data-elementor-post-type=\"page\">\n\t\t\t\t\t\t<section class=\"elementor-section elementor-top-section elementor-element elementor-element-3b239b4 elementor-section-boxed elementor-section-height-default elementor-section-height-default\" data-id=\"3b239b4\" data-element_type=\"section\" data-e-type=\"section\">\n\t\t\t\t\t\t<div class=\"elementor-container elementor-column-gap-default\">\n\t\t\t\t\t<div class=\"elementor-column elementor-col-100 elementor-top-column elementor-element elementor-element-e27619b\" data-id=\"e27619b\" data-element_type=\"column\" data-e-type=\"column\">\n\t\t\t<div class=\"elementor-widget-wrap elementor-element-populated\">\n\t\t\t\t\t\t<div class=\"elementor-element elementor-element-16243f9 elementor-widget elementor-widget-text-editor\" data-id=\"16243f9\" data-element_type=\"widget\" data-e-type=\"widget\" data-widget_type=\"text-editor.default\">\n\t\t\t\t<div class=\"elementor-widget-container\">\n\t\t\t\t\t\t\t\t\t<div class=\"customer-details\">\n<div class=\"custom-customer-img \"><img decoding=\"async\" src=\"\/wp-content\/uploads\/2025\/03\/schesir.png\" alt=\"schesir logo\"><\/div>\n&nbsp;\n<p class=\"title\">600% Content Engagement mit Instagram<\/p>\n<p class=\"description\">Auf Instagram haben wir eine solide Community mit originellen Inhalten aufgebaut, die die nat\u00fcrliche und hochwertige Identit\u00e4t der Marke betonen. Dieses organische Wachstum hat die digitale Identit\u00e4t der Marke gest\u00e4rkt, ihren Bekanntheitsgrad erh\u00f6ht und eine treue Follower-Basis geschaffen. <\/p>\n\n\n<hr>\n\n<div class=\"customer-stats\">\n<p class=\"stat\"><span>500% <\/span> <br>Follower-Zuwachs<\/p>\n\n<p class=\"stat\"><span>+8M<\/span> <br>Ansichten<\/p>\n\n<p class=\"stat\"><span>+600% <\/span> <br>Inhaltliches Engagement<\/p>\n\n<p class=\"stat\"><span>100 Prozent <\/span> <br>Zugang<\/p>\n\n<\/div>\n<\/div>\t\t\t\t\t\t\t\t<\/div>\n\t\t\t\t<\/div>\n\t\t\t\t\t<\/div>\n\t\t<\/div>\n\t\t\t\t\t<\/div>\n\t\t<\/section>\n\t\t\t\t<\/div>\n\t\t","protected":false},"excerpt":{"rendered":"<p>&nbsp; 600% Content Engagement mit Instagram Auf Instagram haben wir eine solide Community mit originellen Inhalten aufgebaut, die die nat\u00fcrliche und hochwertige Identit\u00e4t der Marke betonen. Dieses organische Wachstum hat die digitale Identit\u00e4t der Marke gest\u00e4rkt, ihren Bekanntheitsgrad erh\u00f6ht und eine treue Follower-Basis geschaffen. 500% Follower-Zuwachs +8M Ansichten +600% Inhaltliches Engagement 100 Prozent Zugang<\/p>\n","protected":false},"author":3,"featured_media":25537,"parent":0,"menu_order":0,"comment_status":"closed","ping_status":"closed","template":"","meta":{"footnotes":""},"class_list":["post-25536","page","type-page","status-publish","has-post-thumbnail","hentry","entry"],"_links":{"self":[{"href":"https:\/\/mobitek.com\/de\/wp-json\/wp\/v2\/pages\/25536","targetHints":{"allow":["GET"]}}],"collection":[{"href":"https:\/\/mobitek.com\/de\/wp-json\/wp\/v2\/pages"}],"about":[{"href":"https:\/\/mobitek.com\/de\/wp-json\/wp\/v2\/types\/page"}],"author":[{"embeddable":true,"href":"https:\/\/mobitek.com\/de\/wp-json\/wp\/v2\/users\/3"}],"replies":[{"embeddable":true,"href":"https:\/\/mobitek.com\/de\/wp-json\/wp\/v2\/comments?post=25536"}],"version-history":[{"count":1,"href":"https:\/\/mobitek.com\/de\/wp-json\/wp\/v2\/pages\/25536\/revisions"}],"predecessor-version":[{"id":25538,"href":"https:\/\/mobitek.com\/de\/wp-json\/wp\/v2\/pages\/25536\/revisions\/25538"}],"wp:featuredmedia":[{"embeddable":true,"href":"https:\/\/mobitek.com\/de\/wp-json\/wp\/v2\/media\/25537"}],"wp:attachment":[{"href":"https:\/\/mobitek.com\/de\/wp-json\/wp\/v2\/media?parent=25536"}],"curies":[{"name":"wp","href":"https:\/\/api.w.org\/{rel}","templated":true}]}}