{"id":25539,"date":"2025-08-05T17:03:14","date_gmt":"2025-08-05T14:03:14","guid":{"rendered":"https:\/\/mobitek.com\/no1-villa-erfolgsgeschichte\/"},"modified":"2025-08-12T15:22:44","modified_gmt":"2025-08-12T12:22:44","slug":"no1-villa-erfolgsgeschichte","status":"publish","type":"page","link":"https:\/\/mobitek.com\/de\/no1-villa-erfolgsgeschichte\/","title":{"rendered":"No1 Villa Erfolgsgeschichte"},"content":{"rendered":"\t\t<div data-elementor-type=\"wp-page\" data-elementor-id=\"25539\" class=\"elementor elementor-25539 elementor-24896\" data-elementor-post-type=\"page\">\n\t\t\t\t\t\t<section class=\"elementor-section elementor-top-section elementor-element elementor-element-4e56170 elementor-section-boxed elementor-section-height-default elementor-section-height-default\" data-id=\"4e56170\" data-element_type=\"section\" data-e-type=\"section\">\n\t\t\t\t\t\t<div class=\"elementor-container elementor-column-gap-default\">\n\t\t\t\t\t<div class=\"elementor-column elementor-col-100 elementor-top-column elementor-element elementor-element-f9d84e8\" data-id=\"f9d84e8\" data-element_type=\"column\" data-e-type=\"column\">\n\t\t\t<div class=\"elementor-widget-wrap elementor-element-populated\">\n\t\t\t\t\t\t<div class=\"elementor-element elementor-element-049dbf6 elementor-widget elementor-widget-text-editor\" data-id=\"049dbf6\" data-element_type=\"widget\" data-e-type=\"widget\" data-widget_type=\"text-editor.default\">\n\t\t\t\t<div class=\"elementor-widget-container\">\n\t\t\t\t\t\t\t\t\t<div class=\"customer-details\">\n<div class=\"custom-customer-img v2\"><img decoding=\"async\" src=\"\/wp-content\/uploads\/2025\/08\/no1villa-logo.webp\" alt=\"No1Villa Logo\"><\/div>\n<p class=\"title\">Follower-Zuwachs bei Instagram\n Um 400% gestiegen<\/p>\n<p class=\"description\">Die mit einpr\u00e4gsamen Botschaften versehenen Beitr\u00e4ge st\u00e4rkten die Online-Position von No1 Villa und boten ein Erlebnis, das die Besucher beeindrucken sollte.<\/p>\n\n\n<hr>\n\n\n\n<div class=\"customer-stats\">\n<p class=\"stat\"><span>+100%<\/span> <br>Follower-Zuwachs<\/p>\n\n<p class=\"stat\"><span>+2M<\/span> <br>Ansichten<\/p>\n\n<p class=\"stat\"><span>+100%<\/span> <br>Inhaltliches Engagement<\/p>\n\n<p class=\"stat\"><span>+1.2%M<\/span> <br>Zugelassen<\/p>\n\n<\/div>\n<\/div>\t\t\t\t\t\t\t\t<\/div>\n\t\t\t\t<\/div>\n\t\t\t\t\t<\/div>\n\t\t<\/div>\n\t\t\t\t\t<\/div>\n\t\t<\/section>\n\t\t\t\t<\/div>\n\t\t","protected":false},"excerpt":{"rendered":"<p>Follower-Zuwachs bei Instagram Um 400% gestiegen Die mit einpr\u00e4gsamen Botschaften versehenen Beitr\u00e4ge st\u00e4rkten die Online-Position von No1 Villa und boten ein Erlebnis, das die Besucher beeindrucken sollte. +100% Follower-Zuwachs +2M Ansichten +100% Inhaltliches Engagement +1.2%M Zugelassen<\/p>\n","protected":false},"author":3,"featured_media":25540,"parent":0,"menu_order":0,"comment_status":"closed","ping_status":"closed","template":"","meta":{"footnotes":""},"class_list":["post-25539","page","type-page","status-publish","has-post-thumbnail","hentry","entry"],"_links":{"self":[{"href":"https:\/\/mobitek.com\/de\/wp-json\/wp\/v2\/pages\/25539","targetHints":{"allow":["GET"]}}],"collection":[{"href":"https:\/\/mobitek.com\/de\/wp-json\/wp\/v2\/pages"}],"about":[{"href":"https:\/\/mobitek.com\/de\/wp-json\/wp\/v2\/types\/page"}],"author":[{"embeddable":true,"href":"https:\/\/mobitek.com\/de\/wp-json\/wp\/v2\/users\/3"}],"replies":[{"embeddable":true,"href":"https:\/\/mobitek.com\/de\/wp-json\/wp\/v2\/comments?post=25539"}],"version-history":[{"count":1,"href":"https:\/\/mobitek.com\/de\/wp-json\/wp\/v2\/pages\/25539\/revisions"}],"predecessor-version":[{"id":25542,"href":"https:\/\/mobitek.com\/de\/wp-json\/wp\/v2\/pages\/25539\/revisions\/25542"}],"wp:featuredmedia":[{"embeddable":true,"href":"https:\/\/mobitek.com\/de\/wp-json\/wp\/v2\/media\/25540"}],"wp:attachment":[{"href":"https:\/\/mobitek.com\/de\/wp-json\/wp\/v2\/media?parent=25539"}],"curies":[{"name":"wp","href":"https:\/\/api.w.org\/{rel}","templated":true}]}}