{"id":25742,"date":"2024-03-06T19:35:54","date_gmt":"2024-03-06T16:35:54","guid":{"rendered":"https:\/\/mobitek.com\/leitfaden-zur-nutzung-personenbezogener-daten\/"},"modified":"2025-08-13T11:37:39","modified_gmt":"2025-08-13T08:37:39","slug":"leitfaden-zur-nutzung-personenbezogener-daten","status":"publish","type":"page","link":"https:\/\/mobitek.com\/de\/leitfaden-zur-nutzung-personenbezogener-daten\/","title":{"rendered":"Leitfaden zur Nutzung personenbezogener Daten"},"content":{"rendered":"\t\t<div data-elementor-type=\"wp-page\" data-elementor-id=\"25742\" class=\"elementor elementor-25742 elementor-803\" data-elementor-post-type=\"page\">\n\t\t\t\t\t\t<section class=\"elementor-section elementor-top-section elementor-element elementor-element-a8abab2 elementor-section-boxed elementor-section-height-default elementor-section-height-default\" data-id=\"a8abab2\" data-element_type=\"section\" data-e-type=\"section\">\n\t\t\t\t\t\t<div class=\"elementor-container elementor-column-gap-default\">\n\t\t\t\t\t<div class=\"elementor-column elementor-col-100 elementor-top-column elementor-element elementor-element-7c60c30\" data-id=\"7c60c30\" data-element_type=\"column\" data-e-type=\"column\">\n\t\t\t<div class=\"elementor-widget-wrap elementor-element-populated\">\n\t\t\t\t\t\t<div class=\"elementor-element elementor-element-aaca3cf elementor-widget elementor-widget-breadcrumbs\" data-id=\"aaca3cf\" data-element_type=\"widget\" data-e-type=\"widget\" data-widget_type=\"breadcrumbs.default\">\n\t\t\t\t<div class=\"elementor-widget-container\">\n\t\t\t\t\t<p id=\"breadcrumbs\"><span><span><a href=\"https:\/\/mobitek.com\/de\/\">Startseite<\/a><\/span><\/span><\/p>\t\t\t\t<\/div>\n\t\t\t\t<\/div>\n\t\t\t\t\t<\/div>\n\t\t<\/div>\n\t\t\t\t\t<\/div>\n\t\t<\/section>\n\t\t\t\t<section class=\"elementor-section elementor-top-section elementor-element elementor-element-4e62336 elementor-section-boxed elementor-section-height-default elementor-section-height-default\" data-id=\"4e62336\" data-element_type=\"section\" data-e-type=\"section\">\n\t\t\t\t\t\t<div class=\"elementor-container elementor-column-gap-default\">\n\t\t\t\t\t<div class=\"elementor-column elementor-col-100 elementor-top-column elementor-element elementor-element-f24a8b9\" data-id=\"f24a8b9\" data-element_type=\"column\" data-e-type=\"column\">\n\t\t\t<div class=\"elementor-widget-wrap elementor-element-populated\">\n\t\t\t\t\t\t<div class=\"elementor-element elementor-element-e7466ab elementor-widget elementor-widget-heading\" data-id=\"e7466ab\" data-element_type=\"widget\" data-e-type=\"widget\" data-widget_type=\"heading.default\">\n\t\t\t\t<div class=\"elementor-widget-container\">\n\t\t\t\t\t<h1 class=\"elementor-heading-title elementor-size-default\">DATENSCHUTZERKL\u00c4RUNG\n<\/h1>\t\t\t\t<\/div>\n\t\t\t\t<\/div>\n\t\t\t\t\t<\/div>\n\t\t<\/div>\n\t\t\t\t\t<\/div>\n\t\t<\/section>\n\t\t\t\t<section class=\"elementor-section elementor-top-section elementor-element elementor-element-9e97cdd elementor-section-boxed elementor-section-height-default elementor-section-height-default\" data-id=\"9e97cdd\" data-element_type=\"section\" data-e-type=\"section\">\n\t\t\t\t\t\t<div class=\"elementor-container elementor-column-gap-default\">\n\t\t\t\t\t<div class=\"elementor-column elementor-col-100 elementor-top-column elementor-element elementor-element-2fc0a6e\" data-id=\"2fc0a6e\" data-element_type=\"column\" data-e-type=\"column\">\n\t\t\t<div class=\"elementor-widget-wrap elementor-element-populated\">\n\t\t\t\t\t\t<div class=\"elementor-element elementor-element-84862c2 elementor-widget elementor-widget-text-editor\" data-id=\"84862c2\" data-element_type=\"widget\" data-e-type=\"widget\" data-widget_type=\"text-editor.default\">\n\t\t\t\t<div class=\"elementor-widget-container\">\n\t\t\t\t\t\t\t\t\t<p>Gem\u00e4\u00df dem Gesetz Nr. 6698 zum Schutz personenbezogener Daten (KVKK) werden Ihre personenbezogenen Daten von unserem Unternehmen in seiner Eigenschaft als Datenverantwortlicher f\u00fcr gesch\u00e4ftliche Zwecke im Rahmen der nachstehend beschriebenen Bestimmungen verwendet, gespeichert, aufbewahrt, aktualisiert, \u00fcbertragen und\/oder klassifiziert. In diesem Zusammenhang ergreift unser Unternehmen gem\u00e4\u00df den Gesetzen und Vorschriften zum Schutz der Grundrechte und Grundfreiheiten, insbesondere der Privatsph\u00e4re, sowie zum Schutz personenbezogener Daten alle technischen und administrativen Ma\u00dfnahmen, um ein angemessenes Sicherheitsniveau zu gew\u00e4hrleisten und so die unrechtm\u00e4\u00dfige Verarbeitung Ihrer personenbezogenen Daten zu verhindern, den unrechtm\u00e4\u00dfigen Zugriff darauf zu verhindern und deren Aufbewahrung sicherzustellen. <\/p><p> <\/p><p>Die Zielgruppe dieses Textes sind alle nat\u00fcrlichen Personen, deren personenbezogene Daten von unserem Unternehmen verarbeitet werden, mit Ausnahme der Mitarbeiter unseres Unternehmens oder der Bewerber, die sich bei unserem Unternehmen beworben haben.<\/p><p> <\/p><p>Die personenbezogenen Daten, die in ihrer Eigenschaft als Datenverantwortlicher verarbeitet werden, sind nachstehend aufgef\u00fchrt, wobei diese Aufz\u00e4hlung nicht ersch\u00f6pfend ist:<\/p><p> <\/p><p>Mobi-tek verf\u00fcgt derzeit \u00fcber folgende Systeme und Aufzeichnungen oder wird diese in Zukunft einrichten: Name, Nachname, t\u00fcrkische Identit\u00e4tsnummer, Adresse, Telefonnummer, E-Mail-Adresse, Unterschrift, physischer Standort\/Sicherheitsaufzeichnungen, Callcenter-\/Servicequalit\u00e4tsaufzeichnungen, Bankkontonummer, Cookie-Aufzeichnungen.<\/p>\t\t\t\t\t\t\t\t<\/div>\n\t\t\t\t<\/div>\n\t\t\t\t<div class=\"elementor-element elementor-element-afae285 elementor-widget elementor-widget-heading\" data-id=\"afae285\" data-element_type=\"widget\" data-e-type=\"widget\" data-widget_type=\"heading.default\">\n\t\t\t\t<div class=\"elementor-widget-container\">\n\t\t\t\t\t<h2 class=\"elementor-heading-title elementor-size-default\">Zweck und rechtliche Grundlage der Verarbeitung personenbezogener Daten<\/h2>\t\t\t\t<\/div>\n\t\t\t\t<\/div>\n\t\t\t\t<div class=\"elementor-element elementor-element-a6c54b0 elementor-widget elementor-widget-text-editor\" data-id=\"a6c54b0\" data-element_type=\"widget\" data-e-type=\"widget\" data-widget_type=\"text-editor.default\">\n\t\t\t\t<div class=\"elementor-widget-container\">\n\t\t\t\t\t\t\t\t\t<div>Die von Ihnen \u00fcbermittelten personenbezogenen Daten werden<\/div><div> <\/div><div><ul><li>Um Ihnen und\/oder den von Ihnen vertretenen Institutionen und Organisationen die von unserem Unternehmen angebotenen Produkte und Dienstleistungen zur Verf\u00fcgung zu stellen, die Festlegung und Umsetzung der Handels- und Gesch\u00e4ftsstrategien unseres Unternehmens, die Durchf\u00fchrung von Marketingaktivit\u00e4ten, die Durchf\u00fchrung von Gesch\u00e4ftsentwicklungs- und Planungsaktivit\u00e4ten, einschlie\u00dflich, aber nicht beschr\u00e4nkt auf die Durchf\u00fchrung der erforderlichen Arbeiten,<\/li><li>Durchf\u00fchrung der von unserem Unternehmen durchgef\u00fchrten administrativen Vorg\u00e4nge im Bereich der Kommunikation,<\/li><li>Gew\u00e4hrleistung der physischen Sicherheit und Kontrolle des Standorts, an dem unser Unternehmen t\u00e4tig ist,<\/li><li>Aufbau von Beziehungen zu Gesch\u00e4ftspartnern\/Kunden\/Lieferanten (Beauftragte oder Mitarbeiter)<\/li><li>Erf\u00fcllung der vertraglichen Verpflichtungen und der finanziellen Vereinbarungen in Bezug auf Produkte und Dienstleistungen, die gemeinsam mit unseren Gesch\u00e4ftspartnern, Lieferanten oder anderen Dritten angeboten werden,<\/li><li>Die Umsetzung der Personalpolitik unseres Unternehmens,<\/li><li>Durch Anruf unter der Telefonnummer unseres Unternehmens oder Nutzung der Website und\/oder<\/li><li>Die Daten werden zum Zweck der Teilnahme an von unserem Unternehmen organisierten Schulungen, Seminaren oder Veranstaltungen verarbeitet.<\/li><\/ul><\/div>\t\t\t\t\t\t\t\t<\/div>\n\t\t\t\t<\/div>\n\t\t\t\t<div class=\"elementor-element elementor-element-1733adf elementor-widget elementor-widget-heading\" data-id=\"1733adf\" data-element_type=\"widget\" data-e-type=\"widget\" data-widget_type=\"heading.default\">\n\t\t\t\t<div class=\"elementor-widget-container\">\n\t\t\t\t\t<h2 class=\"elementor-heading-title elementor-size-default\">Methoden zur Erhebung und Speicherung personenbezogener Daten<\/h2>\t\t\t\t<\/div>\n\t\t\t\t<\/div>\n\t\t\t\t<div class=\"elementor-element elementor-element-8d98730 elementor-widget elementor-widget-text-editor\" data-id=\"8d98730\" data-element_type=\"widget\" data-e-type=\"widget\" data-widget_type=\"text-editor.default\">\n\t\t\t\t<div class=\"elementor-widget-container\">\n\t\t\t\t\t\t\t\t\t<p>Die personenbezogenen Daten, die Sie unserem Unternehmen zur Verf\u00fcgung stellen, k\u00f6nnen automatisch oder nicht automatisch, m\u00fcndlich, schriftlich oder elektronisch \u00fcber B\u00fcros, Niederlassungen, Callcenter, Websites, soziale Medien, mobile Anwendungen und \u00e4hnliche Mittel erfasst werden. Ihre personenbezogenen Daten werden in elektronischer und\/oder physischer Form gespeichert. Um zu verhindern, dass Ihre von unserem Unternehmen bereitgestellten und gespeicherten personenbezogenen Daten in den Speichermedien unbefugt abgerufen, manipuliert, verloren gehen oder besch\u00e4digt werden, werden die erforderlichen Gesch\u00e4ftsprozesse gestaltet und technische Sicherheitsinfrastrukturen entwickelt.  <\/p><p> <\/p><p>Ihre personenbezogenen Daten werden unter Einhaltung aller erforderlichen Datenschutzma\u00dfnahmen verarbeitet und gespeichert, sofern dies nicht \u00fcber den Ihnen mitgeteilten Zweck und Umfang hinausgeht, und zwar w\u00e4hrend der gesetzlichen Aufbewahrungsfrist oder, falls eine solche nicht vorgesehen ist, so lange, wie es f\u00fcr den Verarbeitungszweck erforderlich ist. Nach Ablauf dieser Frist werden Ihre personenbezogenen Daten durch L\u00f6schung, Vernichtung oder Anonymisierung aus den Datenstr\u00f6men unseres Unternehmens entfernt. <\/p>\t\t\t\t\t\t\t\t<\/div>\n\t\t\t\t<\/div>\n\t\t\t\t<div class=\"elementor-element elementor-element-6987bec elementor-widget elementor-widget-heading\" data-id=\"6987bec\" data-element_type=\"widget\" data-e-type=\"widget\" data-widget_type=\"heading.default\">\n\t\t\t\t<div class=\"elementor-widget-container\">\n\t\t\t\t\t<h2 class=\"elementor-heading-title elementor-size-default\">\u00dcbertragung personenbezogener Daten<\/h2>\t\t\t\t<\/div>\n\t\t\t\t<\/div>\n\t\t\t\t<div class=\"elementor-element elementor-element-1f8ebee elementor-widget elementor-widget-text-editor\" data-id=\"1f8ebee\" data-element_type=\"widget\" data-e-type=\"widget\" data-widget_type=\"text-editor.default\">\n\t\t\t\t<div class=\"elementor-widget-container\">\n\t\t\t\t\t\t\t\t\t<div>Ihre personenbezogenen Daten werden im Rahmen der Gesetze und sonstigen Rechtsvorschriften sowie f\u00fcr die angegebenen Zwecke verarbeitet.<\/div><div> <\/div><div><ul><li>An die Firma Mobi-tek,<\/li><li>Die von uns bevollm\u00e4chtigten Unternehmen, die im Namen und auf Rechnung unseres Unternehmens t\u00e4tig sind, unseren Vertretern,<\/li><li>Regulierungs- und Aufsichtsbeh\u00f6rden, \u00f6ffentliche Stellen oder Einrichtungen, die gem\u00e4\u00df den f\u00fcr Ihre personenbezogenen Daten geltenden Gesetzen ausdr\u00fccklich dazu berechtigt sind,<\/li><li>Im Rahmen der angegebenen Zwecke werden Daten an Gesch\u00e4ftspartner, Lieferanten und Auftragnehmer, Banken, Kreditrisikopl\u00e4ner und Finanzinstitute sowie andere nat\u00fcrliche oder juristische Personen weitergegeben.<\/li><li>Steuer- und \u00e4hnliche Berater, Personen, die im Rahmen von rechtlichen Verfahren verpflichtet sind, Institutionen und Organisationen sowie Dritte, von denen wir Beratung erhalten, einschlie\u00dflich Pr\u00fcfer, k\u00f6nnen die Daten zu den oben genannten Zwecken innerhalb und au\u00dferhalb der T\u00fcrkei an Gesch\u00e4ftspartner, Dienstleister, bevollm\u00e4chtigte Personen und Organisationen weitergeben, ohne dass diese Aufz\u00e4hlung Anspruch auf Vollst\u00e4ndigkeit erhebt.<\/li><\/ul><\/div>\t\t\t\t\t\t\t\t<\/div>\n\t\t\t\t<\/div>\n\t\t\t\t<div class=\"elementor-element elementor-element-80a10bd elementor-widget elementor-widget-heading\" data-id=\"80a10bd\" data-element_type=\"widget\" data-e-type=\"widget\" data-widget_type=\"heading.default\">\n\t\t\t\t<div class=\"elementor-widget-container\">\n\t\t\t\t\t<h2 class=\"elementor-heading-title elementor-size-default\">Ihre Rechte gem\u00e4\u00df Artikel 11 des KVKK <\/h2>\t\t\t\t<\/div>\n\t\t\t\t<\/div>\n\t\t\t\t<div class=\"elementor-element elementor-element-e1355d0 elementor-widget elementor-widget-text-editor\" data-id=\"e1355d0\" data-element_type=\"widget\" data-e-type=\"widget\" data-widget_type=\"text-editor.default\">\n\t\t\t\t<div class=\"elementor-widget-container\">\n\t\t\t\t\t\t\t\t\t<div>Wenn Sie sich an unser Unternehmen wenden, werden Ihre personenbezogenen Daten<\/div><div> <\/div><div><ul><li>Erfahren Sie, ob es verarbeitet wurde oder nicht.<\/li><li>Wenn verarbeitet, Informationen anfordern,<\/li><li>Erfahren, ob die Daten f\u00fcr den Verarbeitungszweck und -zweck verwendet werden,<\/li><li>Kenntnis \u00fcber Dritte, an die Daten im Inland\/Ausland \u00fcbermittelt wurden, <\/li><li>Falls unvollst\u00e4ndig\/falsch verarbeitet, bitte um Korrektur.<\/li><li>Beantragung der L\u00f6schung\/Vernichtung gem\u00e4\u00df den in Artikel 7 des KVKK vorgesehenen Bedingungen, <\/li><li>Die \u00dcbermittlung der oben unter (e) und (f) genannten Informationen an Dritte, an die die Daten weitergegeben wurden, zu verlangen,   <\/li><li>Widerspruch gegen ein Ihnen nachteiliges Ergebnis, das ausschlie\u00dflich auf einer automatisierten Verarbeitung beruht,<\/li><li>Wenn Ihnen aufgrund einer rechtswidrigen Verarbeitung ein Schaden entsteht, haben Sie das Recht, auf Ersatz des Schadens zu verlangen.<\/li><\/ul><div> <\/div><div><p style=\"margin-bottom: 1rem; line-height: 1.8; color: #212529; font-family: Axiforma, sans-serif; background-color: #ffffff;\">Gem\u00e4\u00df Artikel 13 Absatz 1 des KVKK k\u00f6nnen Sie Ihre oben genannten Rechte schriftlich oder auf andere vom Datenschutzausschuss festgelegte Weise gegen\u00fcber unserem Unternehmen geltend machen.  <\/p><p style=\"margin-bottom: 1rem; line-height: 1.8; color: #212529; font-family: Axiforma, sans-serif; background-color: #ffffff;\">Um die oben genannten Rechte auszu\u00fcben, k\u00f6nnen Sie Ihren Antrag mit den erforderlichen Angaben zu Ihrer Identit\u00e4t pers\u00f6nlich abgeben, per Notar oder auf andere vom Datenschutzausschuss festgelegte Weise \u00fcbermitteln oder mit einer sicheren elektronischen Signatur an <a style=\"color: #b00011; background-color: transparent; outline: none !important;\" href=\"mailto:iletisim@mobitek.com\">iletisim@mobitek.com<\/a> senden.<\/p><\/div><\/div>\t\t\t\t\t\t\t\t<\/div>\n\t\t\t\t<\/div>\n\t\t\t\t\t<\/div>\n\t\t<\/div>\n\t\t\t\t\t<\/div>\n\t\t<\/section>\n\t\t\t\t<section class=\"elementor-section elementor-top-section elementor-element elementor-element-84c9701 elementor-section-boxed elementor-section-height-default elementor-section-height-default\" data-id=\"84c9701\" data-element_type=\"section\" data-e-type=\"section\">\n\t\t\t\t\t\t<div class=\"elementor-container elementor-column-gap-default\">\n\t\t\t\t\t<div class=\"elementor-column elementor-col-100 elementor-top-column elementor-element elementor-element-b3e1737\" data-id=\"b3e1737\" data-element_type=\"column\" data-e-type=\"column\">\n\t\t\t<div class=\"elementor-widget-wrap elementor-element-populated\">\n\t\t\t\t\t\t<div class=\"elementor-element elementor-element-db8d4b6 elementor-widget elementor-widget-template\" data-id=\"db8d4b6\" data-element_type=\"widget\" data-e-type=\"widget\" data-widget_type=\"template.default\">\n\t\t\t\t<div class=\"elementor-widget-container\">\n\t\t\t\t\t\t\t<div class=\"elementor-template\">\n\t\t\t\t\t<div data-elementor-type=\"section\" data-elementor-id=\"25193\" class=\"elementor elementor-25193 elementor-469 elementor-469\" data-elementor-post-type=\"elementor_library\">\n\t\t\t\t\t<section class=\"elementor-section elementor-top-section elementor-element elementor-element-20994a8 elementor-section-boxed elementor-section-height-default elementor-section-height-default\" data-id=\"20994a8\" data-element_type=\"section\" data-e-type=\"section\" id=\"offer-form\">\n\t\t\t\t\t\t<div class=\"elementor-container elementor-column-gap-default\">\n\t\t\t\t\t<div class=\"elementor-column elementor-col-50 elementor-top-column elementor-element elementor-element-2aee57c8\" data-id=\"2aee57c8\" data-element_type=\"column\" data-e-type=\"column\">\n\t\t\t<div class=\"elementor-widget-wrap elementor-element-populated\">\n\t\t\t\t\t\t<div class=\"elementor-element elementor-element-78906741 elementor-widget elementor-widget-text-editor\" data-id=\"78906741\" data-element_type=\"widget\" data-e-type=\"widget\" data-widget_type=\"text-editor.default\">\n\t\t\t\t<div class=\"elementor-widget-container\">\n\t\t\t\t\t\t\t\t\t<p class=\"section-subtitle\"><span>Verlieren Sie keine Zeit<\/span><\/p>\t\t\t\t\t\t\t\t<\/div>\n\t\t\t\t<\/div>\n\t\t\t\t<div class=\"elementor-element elementor-element-771d9a5 elementor-widget elementor-widget-text-editor\" data-id=\"771d9a5\" data-element_type=\"widget\" data-e-type=\"widget\" data-widget_type=\"text-editor.default\">\n\t\t\t\t<div class=\"elementor-widget-container\">\n\t\t\t\t\t\t\t\t\tWerden Sie Teil unserer Erfolgsgeschichten!\n<span style=\"color:#ED1C24\">Machen <\/span>Sie mit!\t\t\t\t\t\t\t\t<\/div>\n\t\t\t\t<\/div>\n\t\t\t\t<div class=\"elementor-element elementor-element-1700a73a elementor-widget elementor-widget-text-editor\" data-id=\"1700a73a\" data-element_type=\"widget\" data-e-type=\"widget\" data-widget_type=\"text-editor.default\">\n\t\t\t\t<div class=\"elementor-widget-container\">\n\t\t\t\t\t\t\t\t\t<div class=\"section-title text-left\">\n\n<span style=\"background-color: var(--global--color-background); color: var(--global--color-primary); font-family: var(--global--font-secondary); font-size: var(--global--font-size-base);\">Mobitek ist eine integrierte SEO-Agentur, die in der T\u00fcrkei und weltweit datengesteuerte digitale Marketingl\u00f6sungen entwickelt. Mit \u00fcber 20 Jahren Erfahrung und einem Team von Experten bietet Mobitek Marken leistungs- und l\u00f6sungsorientierte Marketingdienstleistungen. <\/span>\n\n<\/div>\t\t\t\t\t\t\t\t<\/div>\n\t\t\t\t<\/div>\n\t\t\t\t<div class=\"elementor-element elementor-element-482ec8ac elementor-position-inline-start elementor-mobile-position-inline-start elementor-view-default elementor-widget elementor-widget-icon-box\" data-id=\"482ec8ac\" data-element_type=\"widget\" data-e-type=\"widget\" data-widget_type=\"icon-box.default\">\n\t\t\t\t<div class=\"elementor-widget-container\">\n\t\t\t\t\t\t\t<div class=\"elementor-icon-box-wrapper\">\n\n\t\t\t\t\t\t<div class=\"elementor-icon-box-icon\">\n\t\t\t\t<a href=\"mailto:iletisim@mobitek.com\" aria-label=\"Mail\" class=\"elementor-icon\" tabindex=\"-1\" aria-label=\"iletisim@mobitek.com\">\n\t\t\t\t<svg aria-hidden=\"true\" class=\"e-font-icon-svg e-far-envelope\" viewBox=\"0 0 512 512\" xmlns=\"http:\/\/www.w3.org\/2000\/svg\"><path d=\"M464 64H48C21.49 64 0 85.49 0 112v288c0 26.51 21.49 48 48 48h416c26.51 0 48-21.49 48-48V112c0-26.51-21.49-48-48-48zm0 48v40.805c-22.422 18.259-58.168 46.651-134.587 106.49-16.841 13.247-50.201 45.072-73.413 44.701-23.208.375-56.579-31.459-73.413-44.701C106.18 199.465 70.425 171.067 48 152.805V112h416zM48 400V214.398c22.914 18.251 55.409 43.862 104.938 82.646 21.857 17.205 60.134 55.186 103.062 54.955 42.717.231 80.509-37.199 103.053-54.947 49.528-38.783 82.032-64.401 104.947-82.653V400H48z\"><\/path><\/svg>\t\t\t\t<\/a>\n\t\t\t<\/div>\n\t\t\t\n\t\t\t\t\t\t<div class=\"elementor-icon-box-content\">\n\n\t\t\t\t\t\t\t\t\t<p class=\"elementor-icon-box-title\">\n\t\t\t\t\t\t<a href=\"mailto:iletisim@mobitek.com\" aria-label=\"Mail\" >\n\t\t\t\t\t\t\tiletisim@mobitek.com\t\t\t\t\t\t<\/a>\n\t\t\t\t\t<\/p>\n\t\t\t\t\n\t\t\t\t\n\t\t\t<\/div>\n\t\t\t\n\t\t<\/div>\n\t\t\t\t\t\t<\/div>\n\t\t\t\t<\/div>\n\t\t\t\t<div class=\"elementor-element elementor-element-514e0eee elementor-position-inline-start elementor-mobile-position-inline-start elementor-view-default elementor-widget elementor-widget-icon-box\" data-id=\"514e0eee\" data-element_type=\"widget\" data-e-type=\"widget\" data-widget_type=\"icon-box.default\">\n\t\t\t\t<div class=\"elementor-widget-container\">\n\t\t\t\t\t\t\t<div class=\"elementor-icon-box-wrapper\">\n\n\t\t\t\t\t\t<div class=\"elementor-icon-box-icon\">\n\t\t\t\t<a href=\"tel:+902164180884\" aria-label=\"Telefon\" class=\"elementor-icon\" tabindex=\"-1\" aria-label=\"+90 216 418 08 84\">\n\t\t\t\t<svg aria-hidden=\"true\" class=\"e-font-icon-svg e-fas-phone-alt\" viewBox=\"0 0 512 512\" xmlns=\"http:\/\/www.w3.org\/2000\/svg\"><path d=\"M497.39 361.8l-112-48a24 24 0 0 0-28 6.9l-49.6 60.6A370.66 370.66 0 0 1 130.6 204.11l60.6-49.6a23.94 23.94 0 0 0 6.9-28l-48-112A24.16 24.16 0 0 0 122.6.61l-104 24A24 24 0 0 0 0 48c0 256.5 207.9 464 464 464a24 24 0 0 0 23.4-18.6l24-104a24.29 24.29 0 0 0-14.01-27.6z\"><\/path><\/svg>\t\t\t\t<\/a>\n\t\t\t<\/div>\n\t\t\t\n\t\t\t\t\t\t<div class=\"elementor-icon-box-content\">\n\n\t\t\t\t\t\t\t\t\t<p class=\"elementor-icon-box-title\">\n\t\t\t\t\t\t<a href=\"tel:+902164180884\" aria-label=\"Telefon\" >\n\t\t\t\t\t\t\t+90 216 418 08 84\t\t\t\t\t\t<\/a>\n\t\t\t\t\t<\/p>\n\t\t\t\t\n\t\t\t\t\n\t\t\t<\/div>\n\t\t\t\n\t\t<\/div>\n\t\t\t\t\t\t<\/div>\n\t\t\t\t<\/div>\n\t\t\t\t\t<\/div>\n\t\t<\/div>\n\t\t\t\t<div class=\"elementor-column elementor-col-50 elementor-top-column elementor-element elementor-element-51435f3a\" data-id=\"51435f3a\" data-element_type=\"column\" data-e-type=\"column\">\n\t\t\t<div class=\"elementor-widget-wrap elementor-element-populated\">\n\t\t\t\t\t\t<div class=\"elementor-element elementor-element-32166240 elementor-widget elementor-widget-html\" data-id=\"32166240\" data-element_type=\"widget\" data-e-type=\"widget\" data-widget_type=\"html.default\">\n\t\t\t\t<div class=\"elementor-widget-container\">\n\t\t\t\t\t<script type=\"text\/javascript\" src=\"https:\/\/form.jotform.com\/jsform\/231082672961963?language=de\"><\/script>\r\n\t\t\t\t<\/div>\n\t\t\t\t<\/div>\n\t\t\t\t\t<\/div>\n\t\t<\/div>\n\t\t\t\t\t<\/div>\n\t\t<\/section>\n\t\t\t\t<\/div>\n\t\t\t\t<\/div>\n\t\t\t\t\t\t<\/div>\n\t\t\t\t<\/div>\n\t\t\t\t\t<\/div>\n\t\t<\/div>\n\t\t\t\t\t<\/div>\n\t\t<\/section>\n\t\t\t\t<\/div>\n\t\t","protected":false},"excerpt":{"rendered":"<p>DATENSCHUTZERKL\u00c4RUNG Gem\u00e4\u00df dem Gesetz Nr. 6698 zum Schutz personenbezogener Daten (KVKK) werden Ihre personenbezogenen Daten von unserem Unternehmen in seiner Eigenschaft als Datenverantwortlicher f\u00fcr gesch\u00e4ftliche Zwecke im Rahmen der nachstehend beschriebenen Bestimmungen verwendet, gespeichert, aufbewahrt, aktualisiert, \u00fcbertragen und\/oder klassifiziert. In diesem Zusammenhang ergreift unser Unternehmen gem\u00e4\u00df den Gesetzen und Vorschriften zum Schutz der Grundrechte und&hellip; <a class=\"more-link\" href=\"https:\/\/mobitek.com\/de\/leitfaden-zur-nutzung-personenbezogener-daten\/\">Continue reading <span class=\"screen-reader-text\">Leitfaden zur Nutzung personenbezogener Daten<\/span><\/a><\/p>\n","protected":false},"author":1,"featured_media":0,"parent":0,"menu_order":0,"comment_status":"closed","ping_status":"closed","template":"","meta":{"footnotes":""},"class_list":["post-25742","page","type-page","status-publish","hentry","entry"],"_links":{"self":[{"href":"https:\/\/mobitek.com\/de\/wp-json\/wp\/v2\/pages\/25742","targetHints":{"allow":["GET"]}}],"collection":[{"href":"https:\/\/mobitek.com\/de\/wp-json\/wp\/v2\/pages"}],"about":[{"href":"https:\/\/mobitek.com\/de\/wp-json\/wp\/v2\/types\/page"}],"author":[{"embeddable":true,"href":"https:\/\/mobitek.com\/de\/wp-json\/wp\/v2\/users\/1"}],"replies":[{"embeddable":true,"href":"https:\/\/mobitek.com\/de\/wp-json\/wp\/v2\/comments?post=25742"}],"version-history":[{"count":1,"href":"https:\/\/mobitek.com\/de\/wp-json\/wp\/v2\/pages\/25742\/revisions"}],"predecessor-version":[{"id":25743,"href":"https:\/\/mobitek.com\/de\/wp-json\/wp\/v2\/pages\/25742\/revisions\/25743"}],"wp:attachment":[{"href":"https:\/\/mobitek.com\/de\/wp-json\/wp\/v2\/media?parent=25742"}],"curies":[{"name":"wp","href":"https:\/\/api.w.org\/{rel}","templated":true}]}}