{"id":25760,"date":"2024-09-16T10:09:33","date_gmt":"2024-09-16T07:09:33","guid":{"rendered":"https:\/\/mobitek.com\/benutzererfahrung-ux\/"},"modified":"2025-08-13T12:05:27","modified_gmt":"2025-08-13T09:05:27","slug":"benutzererfahrung-ux","status":"publish","type":"page","link":"https:\/\/mobitek.com\/de\/benutzererfahrung-ux\/","title":{"rendered":"Benutzererfahrung (UX)"},"content":{"rendered":"\t\t<div data-elementor-type=\"wp-page\" data-elementor-id=\"25760\" class=\"elementor elementor-25760 elementor-17767\" data-elementor-post-type=\"page\">\n\t\t\t\t\t\t<section class=\"elementor-section elementor-top-section elementor-element elementor-element-5de0526 elementor-section-boxed elementor-section-height-default elementor-section-height-default\" data-id=\"5de0526\" data-element_type=\"section\" data-e-type=\"section\">\n\t\t\t\t\t\t<div class=\"elementor-container elementor-column-gap-default\">\n\t\t\t\t\t<div class=\"elementor-column elementor-col-100 elementor-top-column elementor-element elementor-element-2356701\" data-id=\"2356701\" data-element_type=\"column\" data-e-type=\"column\">\n\t\t\t<div class=\"elementor-widget-wrap elementor-element-populated\">\n\t\t\t\t\t\t<div class=\"elementor-element elementor-element-b7e1f19 elementor-widget elementor-widget-breadcrumbs\" data-id=\"b7e1f19\" data-element_type=\"widget\" data-e-type=\"widget\" data-widget_type=\"breadcrumbs.default\">\n\t\t\t\t<div class=\"elementor-widget-container\">\n\t\t\t\t\t<p id=\"breadcrumbs\"><span><span><a href=\"https:\/\/mobitek.com\/de\/\">Startseite<\/a><\/span><\/span><\/p>\t\t\t\t<\/div>\n\t\t\t\t<\/div>\n\t\t\t\t\t<\/div>\n\t\t<\/div>\n\t\t\t\t\t<\/div>\n\t\t<\/section>\n\t\t\t\t<section class=\"elementor-section elementor-top-section elementor-element elementor-element-d6bf599 elementor-section-boxed elementor-section-height-default elementor-section-height-default\" data-id=\"d6bf599\" data-element_type=\"section\" data-e-type=\"section\">\n\t\t\t\t\t\t<div class=\"elementor-container elementor-column-gap-default\">\n\t\t\t\t\t<div class=\"elementor-column elementor-col-100 elementor-top-column elementor-element elementor-element-9db261c\" data-id=\"9db261c\" data-element_type=\"column\" data-e-type=\"column\">\n\t\t\t<div class=\"elementor-widget-wrap elementor-element-populated\">\n\t\t\t\t\t\t<div class=\"elementor-element elementor-element-70600c7 elementor-widget elementor-widget-heading\" data-id=\"70600c7\" data-element_type=\"widget\" data-e-type=\"widget\" data-widget_type=\"heading.default\">\n\t\t\t\t<div class=\"elementor-widget-container\">\n\t\t\t\t\t<h1 class=\"elementor-heading-title elementor-size-default\">Benutzererfahrung (UX)<\/h1>\t\t\t\t<\/div>\n\t\t\t\t<\/div>\n\t\t\t\t\t<\/div>\n\t\t<\/div>\n\t\t\t\t\t<\/div>\n\t\t<\/section>\n\t\t\t\t<section class=\"elementor-section elementor-top-section elementor-element elementor-element-80ad5bf elementor-section-boxed elementor-section-height-default elementor-section-height-default\" data-id=\"80ad5bf\" data-element_type=\"section\" data-e-type=\"section\">\n\t\t\t\t\t\t<div class=\"elementor-container elementor-column-gap-default\">\n\t\t\t\t\t<div class=\"elementor-column elementor-col-50 elementor-top-column elementor-element elementor-element-9fce0d6\" data-id=\"9fce0d6\" data-element_type=\"column\" data-e-type=\"column\">\n\t\t\t<div class=\"elementor-widget-wrap elementor-element-populated\">\n\t\t\t\t\t\t<div class=\"elementor-element elementor-element-6da950e elementor-widget elementor-widget-heading\" data-id=\"6da950e\" data-element_type=\"widget\" data-e-type=\"widget\" data-widget_type=\"heading.default\">\n\t\t\t\t<div class=\"elementor-widget-container\">\n\t\t\t\t\t<h3 class=\"elementor-heading-title elementor-size-default\">Benutzererfahrung (UX)<\/h3>\t\t\t\t<\/div>\n\t\t\t\t<\/div>\n\t\t\t\t<div class=\"elementor-element elementor-element-d89dea5 elementor-widget elementor-widget-text-editor\" data-id=\"d89dea5\" data-element_type=\"widget\" data-e-type=\"widget\" data-widget_type=\"text-editor.default\">\n\t\t\t\t<div class=\"elementor-widget-container\">\n\t\t\t\t\t\t\t\t\t<p>Einer der beliebtesten Begriffe der letzten Zeit, den wir in der digitalen Welt h\u00e4ufig h\u00f6ren, ist \u201eBenutzererfahrung\u201c. Es handelt sich dabei um eine Wissenschaft, die untersucht, wie Ihre Produkte, Ihre Marke oder Ihre Dienstleistungen von Ihrer Zielgruppe genutzt und bewertet werden, und die f\u00fcr jeden, der ein erfolgreiches Produkt oder eine erfolgreiche Marke schaffen m\u00f6chte, unverzichtbar ist. <\/p><p> <\/p><p>Manchmal ignorieren wir die Bed\u00fcrfnisse und W\u00fcnsche unserer Zielgruppe und handeln nach unseren eigenen Vorstellungen. Probleme, die jedoch in sp\u00e4teren Phasen auftreten, zeigen, dass eigentlich eine ganz andere Strategie erforderlich ist. <br><br><\/p><p>Grunds\u00e4tzlich sollten Sie das Verhalten und die Anforderungen Ihrer Zielgruppe genau analysieren und alle gewonnenen Informationen unter einem Dach zusammenfassen. Diese Informationen k\u00f6nnen Sie in kreative Ideen umsetzen und einen Prototyp erstellen. Anschlie\u00dfend k\u00f6nnen Sie Ihr Projekt an Ihrer Zielgruppe testen, um das optimale Produkt zu erhalten.  <\/p>\t\t\t\t\t\t\t\t<\/div>\n\t\t\t\t<\/div>\n\t\t\t\t\t<\/div>\n\t\t<\/div>\n\t\t\t\t<div class=\"elementor-column elementor-col-50 elementor-top-column elementor-element elementor-element-14f7dd4\" data-id=\"14f7dd4\" data-element_type=\"column\" data-e-type=\"column\">\n\t\t\t<div class=\"elementor-widget-wrap elementor-element-populated\">\n\t\t\t\t\t\t<div class=\"elementor-element elementor-element-9367d0b elementor-widget elementor-widget-image\" data-id=\"9367d0b\" data-element_type=\"widget\" data-e-type=\"widget\" data-widget_type=\"image.default\">\n\t\t\t\t<div class=\"elementor-widget-container\">\n\t\t\t\t\t\t\t\t\t\t\t\t\t\t\t<img fetchpriority=\"high\" decoding=\"async\" width=\"768\" height=\"538\" src=\"https:\/\/mobitek.com\/wp-content\/uploads\/2024\/09\/kullanici-deneyimi-ux-1.webp\" class=\"attachment-full size-full wp-image-25762\" alt=\"kullanici deneyimi ux\" srcset=\"https:\/\/mobitek.com\/wp-content\/uploads\/2024\/09\/kullanici-deneyimi-ux-1.webp 768w, https:\/\/mobitek.com\/wp-content\/uploads\/2024\/09\/kullanici-deneyimi-ux-1-300x210.webp 300w\" sizes=\"(max-width: 768px) 100vw, 768px\" style=\"width:100%;height:70.05%;max-width:768px\" \/>\t\t\t\t\t\t\t\t\t\t\t\t\t\t\t<\/div>\n\t\t\t\t<\/div>\n\t\t\t\t\t<\/div>\n\t\t<\/div>\n\t\t\t\t\t<\/div>\n\t\t<\/section>\n\t\t\t\t<section class=\"elementor-section elementor-top-section elementor-element elementor-element-81ce08f elementor-section-boxed elementor-section-height-default elementor-section-height-default\" data-id=\"81ce08f\" data-element_type=\"section\" data-e-type=\"section\">\n\t\t\t\t\t\t<div class=\"elementor-container elementor-column-gap-default\">\n\t\t\t\t\t<div class=\"elementor-column elementor-col-50 elementor-top-column elementor-element elementor-element-7c587fb\" data-id=\"7c587fb\" data-element_type=\"column\" data-e-type=\"column\">\n\t\t\t<div class=\"elementor-widget-wrap elementor-element-populated\">\n\t\t\t\t\t\t<div class=\"elementor-element elementor-element-451f1b3 elementor-widget elementor-widget-image\" data-id=\"451f1b3\" data-element_type=\"widget\" data-e-type=\"widget\" data-widget_type=\"image.default\">\n\t\t\t\t<div class=\"elementor-widget-container\">\n\t\t\t\t\t\t\t\t\t\t\t\t\t\t\t<img decoding=\"async\" width=\"768\" height=\"538\" src=\"https:\/\/mobitek.com\/wp-content\/uploads\/2024\/09\/kullanici-deneyimi-ui.webp\" class=\"attachment-full size-full wp-image-25763\" alt=\"kullanici deneyimi ui\" srcset=\"https:\/\/mobitek.com\/wp-content\/uploads\/2024\/09\/kullanici-deneyimi-ui.webp 768w, https:\/\/mobitek.com\/wp-content\/uploads\/2024\/09\/kullanici-deneyimi-ui-300x210.webp 300w\" sizes=\"(max-width: 768px) 100vw, 768px\" style=\"width:100%;height:70.05%;max-width:768px\" \/>\t\t\t\t\t\t\t\t\t\t\t\t\t\t\t<\/div>\n\t\t\t\t<\/div>\n\t\t\t\t\t<\/div>\n\t\t<\/div>\n\t\t\t\t<div class=\"elementor-column elementor-col-50 elementor-top-column elementor-element elementor-element-b221d3e\" data-id=\"b221d3e\" data-element_type=\"column\" data-e-type=\"column\">\n\t\t\t<div class=\"elementor-widget-wrap elementor-element-populated\">\n\t\t\t\t\t\t<div class=\"elementor-element elementor-element-04e1866 elementor-widget elementor-widget-heading\" data-id=\"04e1866\" data-element_type=\"widget\" data-e-type=\"widget\" data-widget_type=\"heading.default\">\n\t\t\t\t<div class=\"elementor-widget-container\">\n\t\t\t\t\t<h3 class=\"elementor-heading-title elementor-size-default\">Benutzeroberfl\u00e4che (UI)<\/h3>\t\t\t\t<\/div>\n\t\t\t\t<\/div>\n\t\t\t\t<div class=\"elementor-element elementor-element-a2efd62 elementor-widget elementor-widget-text-editor\" data-id=\"a2efd62\" data-element_type=\"widget\" data-e-type=\"widget\" data-widget_type=\"text-editor.default\">\n\t\t\t\t<div class=\"elementor-widget-container\">\n\t\t\t\t\t\t\t\t\t<p>Um die Beziehung zwischen dem Nutzer und der Technologie richtig zu positionieren, muss darauf geachtet werden, dass Sie Ihre Dienstleistung schnell, einfach und gleichzeitig kreativ anbieten k\u00f6nnen. Ganz gleich, wie sehr Sie von Ihrem Produkt oder Ihrer Marke \u00fcberzeugt sind, Ihre Zielgruppe h\u00e4lt m\u00f6glicherweise die von Ihnen gew\u00e4hlten Methoden, um sie zu erreichen, f\u00fcr nicht richtig oder ausreichend. <br><br><\/p><p>aZun\u00e4chst sollten Sie sich mit den Dynamiken der Branche, in der Sie t\u00e4tig sind, vertraut machen. Wenn Sie Ihre Arbeit richtig pr\u00e4sentieren k\u00f6nnen, k\u00f6nnen Sie sich von Projekten in anderen Branchen abheben. Mit originellen und kreativen Ideen k\u00f6nnen Sie in Ihrer Branche ein einzigartiges Erlebnis bieten.  <br><br><\/p><p>Es ist wichtig, dass Sie sowohl die Trends in Ihrem Land als auch weltweit genau verfolgen, um Ihre Benutzeroberfl\u00e4che zu verbessern und regelm\u00e4\u00dfig zu aktualisieren. Auf diese Weise k\u00f6nnen Sie bei Ihrer Zielgruppe dauerhaft Vertrauen und Loyalit\u00e4t aufbauen. <\/p>\t\t\t\t\t\t\t\t<\/div>\n\t\t\t\t<\/div>\n\t\t\t\t\t<\/div>\n\t\t<\/div>\n\t\t\t\t\t<\/div>\n\t\t<\/section>\n\t\t\t\t<section class=\"elementor-section elementor-top-section elementor-element elementor-element-475ac02 elementor-section-boxed elementor-section-height-default elementor-section-height-default\" data-id=\"475ac02\" data-element_type=\"section\" data-e-type=\"section\">\n\t\t\t\t\t\t<div class=\"elementor-container elementor-column-gap-default\">\n\t\t\t\t\t<div class=\"elementor-column elementor-col-100 elementor-top-column elementor-element elementor-element-537e525\" data-id=\"537e525\" data-element_type=\"column\" data-e-type=\"column\">\n\t\t\t<div class=\"elementor-widget-wrap elementor-element-populated\">\n\t\t\t\t\t\t<div class=\"elementor-element elementor-element-8df9653 elementor-widget elementor-widget-template\" data-id=\"8df9653\" data-element_type=\"widget\" data-e-type=\"widget\" data-widget_type=\"template.default\">\n\t\t\t\t<div class=\"elementor-widget-container\">\n\t\t\t\t\t\t\t<div class=\"elementor-template\">\n\t\t\t\t\t<div data-elementor-type=\"section\" data-elementor-id=\"25193\" class=\"elementor elementor-25193 elementor-469 elementor-469\" data-elementor-post-type=\"elementor_library\">\n\t\t\t\t\t<section class=\"elementor-section elementor-top-section elementor-element elementor-element-20994a8 elementor-section-boxed elementor-section-height-default elementor-section-height-default\" data-id=\"20994a8\" data-element_type=\"section\" data-e-type=\"section\" id=\"offer-form\">\n\t\t\t\t\t\t<div class=\"elementor-container elementor-column-gap-default\">\n\t\t\t\t\t<div class=\"elementor-column elementor-col-50 elementor-top-column elementor-element elementor-element-2aee57c8\" data-id=\"2aee57c8\" data-element_type=\"column\" data-e-type=\"column\">\n\t\t\t<div class=\"elementor-widget-wrap elementor-element-populated\">\n\t\t\t\t\t\t<div class=\"elementor-element elementor-element-78906741 elementor-widget elementor-widget-text-editor\" data-id=\"78906741\" data-element_type=\"widget\" data-e-type=\"widget\" data-widget_type=\"text-editor.default\">\n\t\t\t\t<div class=\"elementor-widget-container\">\n\t\t\t\t\t\t\t\t\t<p class=\"section-subtitle\"><span>Verlieren Sie keine Zeit<\/span><\/p>\t\t\t\t\t\t\t\t<\/div>\n\t\t\t\t<\/div>\n\t\t\t\t<div class=\"elementor-element elementor-element-771d9a5 elementor-widget elementor-widget-text-editor\" data-id=\"771d9a5\" data-element_type=\"widget\" data-e-type=\"widget\" data-widget_type=\"text-editor.default\">\n\t\t\t\t<div class=\"elementor-widget-container\">\n\t\t\t\t\t\t\t\t\tWerden Sie Teil unserer Erfolgsgeschichten!\n<span style=\"color:#ED1C24\">Machen <\/span>Sie mit!\t\t\t\t\t\t\t\t<\/div>\n\t\t\t\t<\/div>\n\t\t\t\t<div class=\"elementor-element elementor-element-1700a73a elementor-widget elementor-widget-text-editor\" data-id=\"1700a73a\" data-element_type=\"widget\" data-e-type=\"widget\" data-widget_type=\"text-editor.default\">\n\t\t\t\t<div class=\"elementor-widget-container\">\n\t\t\t\t\t\t\t\t\t<div class=\"section-title text-left\">\n\n<span style=\"background-color: var(--global--color-background); color: var(--global--color-primary); font-family: var(--global--font-secondary); font-size: var(--global--font-size-base);\">Mobitek ist eine integrierte SEO-Agentur, die in der T\u00fcrkei und weltweit datengesteuerte digitale Marketingl\u00f6sungen entwickelt. Mit \u00fcber 20 Jahren Erfahrung und einem Team von Experten bietet Mobitek Marken leistungs- und l\u00f6sungsorientierte Marketingdienstleistungen. <\/span>\n\n<\/div>\t\t\t\t\t\t\t\t<\/div>\n\t\t\t\t<\/div>\n\t\t\t\t<div class=\"elementor-element elementor-element-482ec8ac elementor-position-inline-start elementor-mobile-position-inline-start elementor-view-default elementor-widget elementor-widget-icon-box\" data-id=\"482ec8ac\" data-element_type=\"widget\" data-e-type=\"widget\" data-widget_type=\"icon-box.default\">\n\t\t\t\t<div class=\"elementor-widget-container\">\n\t\t\t\t\t\t\t<div class=\"elementor-icon-box-wrapper\">\n\n\t\t\t\t\t\t<div class=\"elementor-icon-box-icon\">\n\t\t\t\t<a href=\"mailto:iletisim@mobitek.com\" aria-label=\"Mail\" class=\"elementor-icon\" tabindex=\"-1\" aria-label=\"iletisim@mobitek.com\">\n\t\t\t\t<svg aria-hidden=\"true\" class=\"e-font-icon-svg e-far-envelope\" viewBox=\"0 0 512 512\" xmlns=\"http:\/\/www.w3.org\/2000\/svg\"><path d=\"M464 64H48C21.49 64 0 85.49 0 112v288c0 26.51 21.49 48 48 48h416c26.51 0 48-21.49 48-48V112c0-26.51-21.49-48-48-48zm0 48v40.805c-22.422 18.259-58.168 46.651-134.587 106.49-16.841 13.247-50.201 45.072-73.413 44.701-23.208.375-56.579-31.459-73.413-44.701C106.18 199.465 70.425 171.067 48 152.805V112h416zM48 400V214.398c22.914 18.251 55.409 43.862 104.938 82.646 21.857 17.205 60.134 55.186 103.062 54.955 42.717.231 80.509-37.199 103.053-54.947 49.528-38.783 82.032-64.401 104.947-82.653V400H48z\"><\/path><\/svg>\t\t\t\t<\/a>\n\t\t\t<\/div>\n\t\t\t\n\t\t\t\t\t\t<div class=\"elementor-icon-box-content\">\n\n\t\t\t\t\t\t\t\t\t<p class=\"elementor-icon-box-title\">\n\t\t\t\t\t\t<a href=\"mailto:iletisim@mobitek.com\" aria-label=\"Mail\" >\n\t\t\t\t\t\t\tiletisim@mobitek.com\t\t\t\t\t\t<\/a>\n\t\t\t\t\t<\/p>\n\t\t\t\t\n\t\t\t\t\n\t\t\t<\/div>\n\t\t\t\n\t\t<\/div>\n\t\t\t\t\t\t<\/div>\n\t\t\t\t<\/div>\n\t\t\t\t<div class=\"elementor-element elementor-element-514e0eee elementor-position-inline-start elementor-mobile-position-inline-start elementor-view-default elementor-widget elementor-widget-icon-box\" data-id=\"514e0eee\" data-element_type=\"widget\" data-e-type=\"widget\" data-widget_type=\"icon-box.default\">\n\t\t\t\t<div class=\"elementor-widget-container\">\n\t\t\t\t\t\t\t<div class=\"elementor-icon-box-wrapper\">\n\n\t\t\t\t\t\t<div class=\"elementor-icon-box-icon\">\n\t\t\t\t<a href=\"tel:+902164180884\" aria-label=\"Telefon\" class=\"elementor-icon\" tabindex=\"-1\" aria-label=\"+90 216 418 08 84\">\n\t\t\t\t<svg aria-hidden=\"true\" class=\"e-font-icon-svg e-fas-phone-alt\" viewBox=\"0 0 512 512\" xmlns=\"http:\/\/www.w3.org\/2000\/svg\"><path d=\"M497.39 361.8l-112-48a24 24 0 0 0-28 6.9l-49.6 60.6A370.66 370.66 0 0 1 130.6 204.11l60.6-49.6a23.94 23.94 0 0 0 6.9-28l-48-112A24.16 24.16 0 0 0 122.6.61l-104 24A24 24 0 0 0 0 48c0 256.5 207.9 464 464 464a24 24 0 0 0 23.4-18.6l24-104a24.29 24.29 0 0 0-14.01-27.6z\"><\/path><\/svg>\t\t\t\t<\/a>\n\t\t\t<\/div>\n\t\t\t\n\t\t\t\t\t\t<div class=\"elementor-icon-box-content\">\n\n\t\t\t\t\t\t\t\t\t<p class=\"elementor-icon-box-title\">\n\t\t\t\t\t\t<a href=\"tel:+902164180884\" aria-label=\"Telefon\" >\n\t\t\t\t\t\t\t+90 216 418 08 84\t\t\t\t\t\t<\/a>\n\t\t\t\t\t<\/p>\n\t\t\t\t\n\t\t\t\t\n\t\t\t<\/div>\n\t\t\t\n\t\t<\/div>\n\t\t\t\t\t\t<\/div>\n\t\t\t\t<\/div>\n\t\t\t\t\t<\/div>\n\t\t<\/div>\n\t\t\t\t<div class=\"elementor-column elementor-col-50 elementor-top-column elementor-element elementor-element-51435f3a\" data-id=\"51435f3a\" data-element_type=\"column\" data-e-type=\"column\">\n\t\t\t<div class=\"elementor-widget-wrap elementor-element-populated\">\n\t\t\t\t\t\t<div class=\"elementor-element elementor-element-32166240 elementor-widget elementor-widget-html\" data-id=\"32166240\" data-element_type=\"widget\" data-e-type=\"widget\" data-widget_type=\"html.default\">\n\t\t\t\t<div class=\"elementor-widget-container\">\n\t\t\t\t\t<script type=\"text\/javascript\" src=\"https:\/\/form.jotform.com\/jsform\/231082672961963?language=de\"><\/script>\r\n\t\t\t\t<\/div>\n\t\t\t\t<\/div>\n\t\t\t\t\t<\/div>\n\t\t<\/div>\n\t\t\t\t\t<\/div>\n\t\t<\/section>\n\t\t\t\t<\/div>\n\t\t\t\t<\/div>\n\t\t\t\t\t\t<\/div>\n\t\t\t\t<\/div>\n\t\t\t\t\t<\/div>\n\t\t<\/div>\n\t\t\t\t\t<\/div>\n\t\t<\/section>\n\t\t\t\t<\/div>\n\t\t","protected":false},"excerpt":{"rendered":"<p>Benutzererfahrung (UX) Benutzererfahrung (UX) Einer der beliebtesten Begriffe der letzten Zeit, den wir in der digitalen Welt h\u00e4ufig h\u00f6ren, ist \u201eBenutzererfahrung\u201c. Es handelt sich dabei um eine Wissenschaft, die untersucht, wie Ihre Produkte, Ihre Marke oder Ihre Dienstleistungen von Ihrer Zielgruppe genutzt und bewertet werden, und die f\u00fcr jeden, der ein erfolgreiches Produkt oder eine&hellip; <a class=\"more-link\" href=\"https:\/\/mobitek.com\/de\/benutzererfahrung-ux\/\">Continue reading <span class=\"screen-reader-text\">Benutzererfahrung (UX)<\/span><\/a><\/p>\n","protected":false},"author":3,"featured_media":0,"parent":0,"menu_order":0,"comment_status":"closed","ping_status":"closed","template":"","meta":{"footnotes":""},"class_list":["post-25760","page","type-page","status-publish","hentry","entry"],"_links":{"self":[{"href":"https:\/\/mobitek.com\/de\/wp-json\/wp\/v2\/pages\/25760","targetHints":{"allow":["GET"]}}],"collection":[{"href":"https:\/\/mobitek.com\/de\/wp-json\/wp\/v2\/pages"}],"about":[{"href":"https:\/\/mobitek.com\/de\/wp-json\/wp\/v2\/types\/page"}],"author":[{"embeddable":true,"href":"https:\/\/mobitek.com\/de\/wp-json\/wp\/v2\/users\/3"}],"replies":[{"embeddable":true,"href":"https:\/\/mobitek.com\/de\/wp-json\/wp\/v2\/comments?post=25760"}],"version-history":[{"count":1,"href":"https:\/\/mobitek.com\/de\/wp-json\/wp\/v2\/pages\/25760\/revisions"}],"predecessor-version":[{"id":25764,"href":"https:\/\/mobitek.com\/de\/wp-json\/wp\/v2\/pages\/25760\/revisions\/25764"}],"wp:attachment":[{"href":"https:\/\/mobitek.com\/de\/wp-json\/wp\/v2\/media?parent=25760"}],"curies":[{"name":"wp","href":"https:\/\/api.w.org\/{rel}","templated":true}]}}