{"id":17875,"date":"2024-09-16T10:09:33","date_gmt":"2024-09-16T10:09:33","guid":{"rendered":"https:\/\/mobitek.com\/user-experience-ux\/"},"modified":"2024-09-16T11:59:20","modified_gmt":"2024-09-16T11:59:20","slug":"user-experience-ux","status":"publish","type":"page","link":"https:\/\/mobitek.com\/en\/user-experience-ux\/","title":{"rendered":"User Experience (UX)"},"content":{"rendered":"\t\t<div data-elementor-type=\"wp-page\" data-elementor-id=\"17875\" class=\"elementor elementor-17875 elementor-17767\" data-elementor-post-type=\"page\">\n\t\t\t\t\t\t<section class=\"elementor-section elementor-top-section elementor-element elementor-element-5de0526 elementor-section-boxed elementor-section-height-default elementor-section-height-default\" data-id=\"5de0526\" data-element_type=\"section\" data-e-type=\"section\">\n\t\t\t\t\t\t<div class=\"elementor-container elementor-column-gap-default\">\n\t\t\t\t\t<div class=\"elementor-column elementor-col-100 elementor-top-column elementor-element elementor-element-2356701\" data-id=\"2356701\" data-element_type=\"column\" data-e-type=\"column\">\n\t\t\t<div class=\"elementor-widget-wrap elementor-element-populated\">\n\t\t\t\t\t\t<div class=\"elementor-element elementor-element-b7e1f19 elementor-widget elementor-widget-breadcrumbs\" data-id=\"b7e1f19\" data-element_type=\"widget\" data-e-type=\"widget\" data-widget_type=\"breadcrumbs.default\">\n\t\t\t\t<div class=\"elementor-widget-container\">\n\t\t\t\t\t<p id=\"breadcrumbs\"><span><span><a href=\"https:\/\/mobitek.com\/en\/\">Home<\/a><\/span><\/span><\/p>\t\t\t\t<\/div>\n\t\t\t\t<\/div>\n\t\t\t\t\t<\/div>\n\t\t<\/div>\n\t\t\t\t\t<\/div>\n\t\t<\/section>\n\t\t\t\t<section class=\"elementor-section elementor-top-section elementor-element elementor-element-d6bf599 elementor-section-boxed elementor-section-height-default elementor-section-height-default\" data-id=\"d6bf599\" data-element_type=\"section\" data-e-type=\"section\">\n\t\t\t\t\t\t<div class=\"elementor-container elementor-column-gap-default\">\n\t\t\t\t\t<div class=\"elementor-column elementor-col-100 elementor-top-column elementor-element elementor-element-9db261c\" data-id=\"9db261c\" data-element_type=\"column\" data-e-type=\"column\">\n\t\t\t<div class=\"elementor-widget-wrap elementor-element-populated\">\n\t\t\t\t\t\t<div class=\"elementor-element elementor-element-70600c7 elementor-widget elementor-widget-heading\" data-id=\"70600c7\" data-element_type=\"widget\" data-e-type=\"widget\" data-widget_type=\"heading.default\">\n\t\t\t\t<div class=\"elementor-widget-container\">\n\t\t\t\t\t<h1 class=\"elementor-heading-title elementor-size-default\">User Experience (UX)<\/h1>\t\t\t\t<\/div>\n\t\t\t\t<\/div>\n\t\t\t\t\t<\/div>\n\t\t<\/div>\n\t\t\t\t\t<\/div>\n\t\t<\/section>\n\t\t\t\t<section class=\"elementor-section elementor-top-section elementor-element elementor-element-80ad5bf elementor-section-boxed elementor-section-height-default elementor-section-height-default\" data-id=\"80ad5bf\" data-element_type=\"section\" data-e-type=\"section\">\n\t\t\t\t\t\t<div class=\"elementor-container elementor-column-gap-default\">\n\t\t\t\t\t<div class=\"elementor-column elementor-col-50 elementor-top-column elementor-element elementor-element-9fce0d6\" data-id=\"9fce0d6\" data-element_type=\"column\" data-e-type=\"column\">\n\t\t\t<div class=\"elementor-widget-wrap elementor-element-populated\">\n\t\t\t\t\t\t<div class=\"elementor-element elementor-element-6da950e elementor-widget elementor-widget-heading\" data-id=\"6da950e\" data-element_type=\"widget\" data-e-type=\"widget\" data-widget_type=\"heading.default\">\n\t\t\t\t<div class=\"elementor-widget-container\">\n\t\t\t\t\t<h3 class=\"elementor-heading-title elementor-size-default\">User Experience (UX)<\/h3>\t\t\t\t<\/div>\n\t\t\t\t<\/div>\n\t\t\t\t<div class=\"elementor-element elementor-element-d89dea5 elementor-widget elementor-widget-text-editor\" data-id=\"d89dea5\" data-element_type=\"widget\" data-e-type=\"widget\" data-widget_type=\"text-editor.default\">\n\t\t\t\t<div class=\"elementor-widget-container\">\n\t\t\t\t\t\t\t\t\t<p>\u201cUser Experience\u201d is one of the most popular terms of the last period and a term we hear frequently in the digital world. It is a branch of science that examines how your products, brand or service is used and interpreted by your target audience, and that everyone who wants to create a successful product or brand must benefit from.<br \/><br \/><\/p><p>Sometimes we act on our own thinking, ignoring the needs and wishes of our target audience. However, the problems experienced in the later stages reveal that you actually need to follow a very different strategy.<br \/><br \/><\/p><p>Basically, what you need to do is to analyze the behavior and demands of your target audience well and gather all the information you have obtained under one roof. You can turn this information into creative ideas and create a prototype. It is not difficult to test your project developed in this direction on your target audience and get the most accurate product.<\/p>\t\t\t\t\t\t\t\t<\/div>\n\t\t\t\t<\/div>\n\t\t\t\t\t<\/div>\n\t\t<\/div>\n\t\t\t\t<div class=\"elementor-column elementor-col-50 elementor-top-column elementor-element elementor-element-14f7dd4\" data-id=\"14f7dd4\" data-element_type=\"column\" data-e-type=\"column\">\n\t\t\t<div class=\"elementor-widget-wrap elementor-element-populated\">\n\t\t\t\t\t\t<div class=\"elementor-element elementor-element-9367d0b elementor-widget elementor-widget-image\" data-id=\"9367d0b\" data-element_type=\"widget\" data-e-type=\"widget\" data-widget_type=\"image.default\">\n\t\t\t\t<div class=\"elementor-widget-container\">\n\t\t\t\t\t\t\t\t\t\t\t\t\t\t\t<img fetchpriority=\"high\" decoding=\"async\" width=\"768\" height=\"538\" src=\"https:\/\/mobitek.com\/wp-content\/uploads\/2024\/09\/kullanici-deneyimi-ux-1.webp\" class=\"attachment-full size-full wp-image-17869\" alt=\"kullanici deneyimi ux\" srcset=\"https:\/\/mobitek.com\/wp-content\/uploads\/2024\/09\/kullanici-deneyimi-ux-1.webp 768w, https:\/\/mobitek.com\/wp-content\/uploads\/2024\/09\/kullanici-deneyimi-ux-1-300x210.webp 300w\" sizes=\"(max-width: 768px) 100vw, 768px\" style=\"width:100%;height:70.05%;max-width:768px\" \/>\t\t\t\t\t\t\t\t\t\t\t\t\t\t\t<\/div>\n\t\t\t\t<\/div>\n\t\t\t\t\t<\/div>\n\t\t<\/div>\n\t\t\t\t\t<\/div>\n\t\t<\/section>\n\t\t\t\t<section class=\"elementor-section elementor-top-section elementor-element elementor-element-81ce08f elementor-section-boxed elementor-section-height-default elementor-section-height-default\" data-id=\"81ce08f\" data-element_type=\"section\" data-e-type=\"section\">\n\t\t\t\t\t\t<div class=\"elementor-container elementor-column-gap-default\">\n\t\t\t\t\t<div class=\"elementor-column elementor-col-50 elementor-top-column elementor-element elementor-element-7c587fb\" data-id=\"7c587fb\" data-element_type=\"column\" data-e-type=\"column\">\n\t\t\t<div class=\"elementor-widget-wrap elementor-element-populated\">\n\t\t\t\t\t\t<div class=\"elementor-element elementor-element-451f1b3 elementor-widget elementor-widget-image\" data-id=\"451f1b3\" data-element_type=\"widget\" data-e-type=\"widget\" data-widget_type=\"image.default\">\n\t\t\t\t<div class=\"elementor-widget-container\">\n\t\t\t\t\t\t\t\t\t\t\t\t\t\t\t<img decoding=\"async\" width=\"768\" height=\"538\" src=\"https:\/\/mobitek.com\/wp-content\/uploads\/2024\/09\/kullanici-deneyimi-ui.webp\" class=\"attachment-full size-full wp-image-17871\" alt=\"kullanici deneyimi ui\" srcset=\"https:\/\/mobitek.com\/wp-content\/uploads\/2024\/09\/kullanici-deneyimi-ui.webp 768w, https:\/\/mobitek.com\/wp-content\/uploads\/2024\/09\/kullanici-deneyimi-ui-300x210.webp 300w\" sizes=\"(max-width: 768px) 100vw, 768px\" style=\"width:100%;height:70.05%;max-width:768px\" \/>\t\t\t\t\t\t\t\t\t\t\t\t\t\t\t<\/div>\n\t\t\t\t<\/div>\n\t\t\t\t\t<\/div>\n\t\t<\/div>\n\t\t\t\t<div class=\"elementor-column elementor-col-50 elementor-top-column elementor-element elementor-element-b221d3e\" data-id=\"b221d3e\" data-element_type=\"column\" data-e-type=\"column\">\n\t\t\t<div class=\"elementor-widget-wrap elementor-element-populated\">\n\t\t\t\t\t\t<div class=\"elementor-element elementor-element-04e1866 elementor-widget elementor-widget-heading\" data-id=\"04e1866\" data-element_type=\"widget\" data-e-type=\"widget\" data-widget_type=\"heading.default\">\n\t\t\t\t<div class=\"elementor-widget-container\">\n\t\t\t\t\t<h3 class=\"elementor-heading-title elementor-size-default\">User Interface (UI)<\/h3>\t\t\t\t<\/div>\n\t\t\t\t<\/div>\n\t\t\t\t<div class=\"elementor-element elementor-element-a2efd62 elementor-widget elementor-widget-text-editor\" data-id=\"a2efd62\" data-element_type=\"widget\" data-e-type=\"widget\" data-widget_type=\"text-editor.default\">\n\t\t\t\t<div class=\"elementor-widget-container\">\n\t\t\t\t\t\t\t\t\t<p>In order to position the relationship between the user and technology in the right way, it is important to be able to offer your service in a fast, easy and yet creative way. No matter how much you believe in and trust your product or brand, your target audience may not see your preferred methods of reaching them as accurate and sufficient.<br \/><br \/><\/p><p>In the first place, you should be aware of the dynamics of the sector you serve. If you can launch your work correctly, you can differentiate from projects serving in different sectors. With your unique and creative touches, you can offer an experience that makes a difference in your sector.<br \/><br \/><\/p><p>It is important to develop and periodically update your user interface by following the trends both in your country and in the world. In this way, you can create lasting trust and loyalty among your target audience.<\/p>\t\t\t\t\t\t\t\t<\/div>\n\t\t\t\t<\/div>\n\t\t\t\t\t<\/div>\n\t\t<\/div>\n\t\t\t\t\t<\/div>\n\t\t<\/section>\n\t\t\t\t<section class=\"elementor-section elementor-top-section elementor-element elementor-element-475ac02 elementor-section-boxed elementor-section-height-default elementor-section-height-default\" data-id=\"475ac02\" data-element_type=\"section\" data-e-type=\"section\">\n\t\t\t\t\t\t<div class=\"elementor-container elementor-column-gap-default\">\n\t\t\t\t\t<div class=\"elementor-column elementor-col-100 elementor-top-column elementor-element elementor-element-537e525\" data-id=\"537e525\" data-element_type=\"column\" data-e-type=\"column\">\n\t\t\t<div class=\"elementor-widget-wrap elementor-element-populated\">\n\t\t\t\t\t\t<div class=\"elementor-element elementor-element-8df9653 elementor-widget elementor-widget-template\" data-id=\"8df9653\" data-element_type=\"widget\" data-e-type=\"widget\" data-widget_type=\"template.default\">\n\t\t\t\t<div class=\"elementor-widget-container\">\n\t\t\t\t\t\t\t<div class=\"elementor-template\">\n\t\t\t\t\t<div data-elementor-type=\"section\" data-elementor-id=\"12793\" class=\"elementor elementor-12793 elementor-469 elementor-469\" data-elementor-post-type=\"elementor_library\">\n\t\t\t\t\t<section class=\"elementor-section elementor-top-section elementor-element elementor-element-20994a8 elementor-section-boxed elementor-section-height-default elementor-section-height-default\" data-id=\"20994a8\" data-element_type=\"section\" data-e-type=\"section\" id=\"offer-form\">\n\t\t\t\t\t\t<div class=\"elementor-container elementor-column-gap-default\">\n\t\t\t\t\t<div class=\"elementor-column elementor-col-50 elementor-top-column elementor-element elementor-element-2aee57c8\" data-id=\"2aee57c8\" data-element_type=\"column\" data-e-type=\"column\">\n\t\t\t<div class=\"elementor-widget-wrap elementor-element-populated\">\n\t\t\t\t\t\t<div class=\"elementor-element elementor-element-78906741 elementor-widget elementor-widget-text-editor\" data-id=\"78906741\" data-element_type=\"widget\" data-e-type=\"widget\" data-widget_type=\"text-editor.default\">\n\t\t\t\t<div class=\"elementor-widget-container\">\n\t\t\t\t\t\t\t\t\t<p class=\"section-subtitle\"><span>Don&#8217;t waste time<\/span><\/p>\n\t\t\t\t\t\t\t\t<\/div>\n\t\t\t\t<\/div>\n\t\t\t\t<div class=\"elementor-element elementor-element-771d9a5 elementor-widget elementor-widget-text-editor\" data-id=\"771d9a5\" data-element_type=\"widget\" data-e-type=\"widget\" data-widget_type=\"text-editor.default\">\n\t\t\t\t<div class=\"elementor-widget-container\">\n\t\t\t\t\t\t\t\t\t<span style=\"color:#ED1C24\">Join<\/span> Our Success Stories!\t\t\t\t\t\t\t\t<\/div>\n\t\t\t\t<\/div>\n\t\t\t\t<div class=\"elementor-element elementor-element-1700a73a elementor-widget elementor-widget-text-editor\" data-id=\"1700a73a\" data-element_type=\"widget\" data-e-type=\"widget\" data-widget_type=\"text-editor.default\">\n\t\t\t\t<div class=\"elementor-widget-container\">\n\t\t\t\t\t\t\t\t\t<div class=\"section-title text-left\">\n<p class=\"mb-4\">Mobitek is an integrated SEO agency that produces data-driven digital marketing solutions in Turkey and around the world. With over 20 years of experience and expert staff, Mobitek provides performance and solution-oriented marketing services to brands.<\/p>\n<\/div>\n\t\t\t\t\t\t\t\t<\/div>\n\t\t\t\t<\/div>\n\t\t\t\t<div class=\"elementor-element elementor-element-482ec8ac elementor-position-inline-start elementor-mobile-position-inline-start elementor-view-default elementor-widget elementor-widget-icon-box\" data-id=\"482ec8ac\" data-element_type=\"widget\" data-e-type=\"widget\" data-widget_type=\"icon-box.default\">\n\t\t\t\t<div class=\"elementor-widget-container\">\n\t\t\t\t\t\t\t<div class=\"elementor-icon-box-wrapper\">\n\n\t\t\t\t\t\t<div class=\"elementor-icon-box-icon\">\n\t\t\t\t<a href=\"mailto:iletisim@mobitek.com\" class=\"elementor-icon\" tabindex=\"-1\" aria-label=\"iletisim@mobitek.com\">\n\t\t\t\t<svg aria-hidden=\"true\" class=\"e-font-icon-svg e-far-envelope\" viewBox=\"0 0 512 512\" xmlns=\"http:\/\/www.w3.org\/2000\/svg\"><path d=\"M464 64H48C21.49 64 0 85.49 0 112v288c0 26.51 21.49 48 48 48h416c26.51 0 48-21.49 48-48V112c0-26.51-21.49-48-48-48zm0 48v40.805c-22.422 18.259-58.168 46.651-134.587 106.49-16.841 13.247-50.201 45.072-73.413 44.701-23.208.375-56.579-31.459-73.413-44.701C106.18 199.465 70.425 171.067 48 152.805V112h416zM48 400V214.398c22.914 18.251 55.409 43.862 104.938 82.646 21.857 17.205 60.134 55.186 103.062 54.955 42.717.231 80.509-37.199 103.053-54.947 49.528-38.783 82.032-64.401 104.947-82.653V400H48z\"><\/path><\/svg>\t\t\t\t<\/a>\n\t\t\t<\/div>\n\t\t\t\n\t\t\t\t\t\t<div class=\"elementor-icon-box-content\">\n\n\t\t\t\t\t\t\t\t\t<p class=\"elementor-icon-box-title\">\n\t\t\t\t\t\t<a href=\"mailto:iletisim@mobitek.com\" >\n\t\t\t\t\t\t\tiletisim@mobitek.com\t\t\t\t\t\t<\/a>\n\t\t\t\t\t<\/p>\n\t\t\t\t\n\t\t\t\t\n\t\t\t<\/div>\n\t\t\t\n\t\t<\/div>\n\t\t\t\t\t\t<\/div>\n\t\t\t\t<\/div>\n\t\t\t\t<div class=\"elementor-element elementor-element-514e0eee elementor-position-inline-start elementor-mobile-position-inline-start elementor-view-default elementor-widget elementor-widget-icon-box\" data-id=\"514e0eee\" data-element_type=\"widget\" data-e-type=\"widget\" data-widget_type=\"icon-box.default\">\n\t\t\t\t<div class=\"elementor-widget-container\">\n\t\t\t\t\t\t\t<div class=\"elementor-icon-box-wrapper\">\n\n\t\t\t\t\t\t<div class=\"elementor-icon-box-icon\">\n\t\t\t\t<a href=\"tel:+902164180884\" class=\"elementor-icon\" tabindex=\"-1\" aria-label=\"+90 216 418 08 84\">\n\t\t\t\t<svg aria-hidden=\"true\" class=\"e-font-icon-svg e-fas-phone-alt\" viewBox=\"0 0 512 512\" xmlns=\"http:\/\/www.w3.org\/2000\/svg\"><path d=\"M497.39 361.8l-112-48a24 24 0 0 0-28 6.9l-49.6 60.6A370.66 370.66 0 0 1 130.6 204.11l60.6-49.6a23.94 23.94 0 0 0 6.9-28l-48-112A24.16 24.16 0 0 0 122.6.61l-104 24A24 24 0 0 0 0 48c0 256.5 207.9 464 464 464a24 24 0 0 0 23.4-18.6l24-104a24.29 24.29 0 0 0-14.01-27.6z\"><\/path><\/svg>\t\t\t\t<\/a>\n\t\t\t<\/div>\n\t\t\t\n\t\t\t\t\t\t<div class=\"elementor-icon-box-content\">\n\n\t\t\t\t\t\t\t\t\t<p class=\"elementor-icon-box-title\">\n\t\t\t\t\t\t<a href=\"tel:+902164180884\" >\n\t\t\t\t\t\t\t+90 216 418 08 84\t\t\t\t\t\t<\/a>\n\t\t\t\t\t<\/p>\n\t\t\t\t\n\t\t\t\t\n\t\t\t<\/div>\n\t\t\t\n\t\t<\/div>\n\t\t\t\t\t\t<\/div>\n\t\t\t\t<\/div>\n\t\t\t\t\t<\/div>\n\t\t<\/div>\n\t\t\t\t<div class=\"elementor-column elementor-col-50 elementor-top-column elementor-element elementor-element-51435f3a\" data-id=\"51435f3a\" data-element_type=\"column\" data-e-type=\"column\">\n\t\t\t<div class=\"elementor-widget-wrap elementor-element-populated\">\n\t\t\t\t\t\t<div class=\"elementor-element elementor-element-32166240 elementor-widget elementor-widget-html\" data-id=\"32166240\" data-element_type=\"widget\" data-e-type=\"widget\" data-widget_type=\"html.default\">\n\t\t\t\t<div class=\"elementor-widget-container\">\n\t\t\t\t\t<script type=\"text\/javascript\" src=\"https:\/\/form.jotform.com\/jsform\/231082672961963?language=en\"><\/script>\r\r\r<script>\r  \/\/ \/en => us, \/de => de, \/tr => tr\r  var path = location.pathname;\r  var iso2 = path.includes('\/en') ? 'us' : path.includes('\/de') ? 'de' : 'tr';\r\r  \/\/ form y\u00fcklendikten sonra:\r  document.addEventListener('DOMContentLoaded', function(){\r    var input = document.querySelector('input[type=\"tel\"]'); \/\/ telefon inputu\r    if (!input) return;\r    \/\/ Jotform'un kulland\u0131\u011f\u0131 intl-tel-input instance'\u0131n\u0131 bul ve \u00fclkeyi ayarla\r    if (window.intlTelInputGlobals) {\r      var iti = window.intlTelInputGlobals.getInstance(input);\r      if (iti && iti.setCountry) iti.setCountry(iso2);\r    }\r  });\r<\/script>\t\t\t\t<\/div>\n\t\t\t\t<\/div>\n\t\t\t\t\t<\/div>\n\t\t<\/div>\n\t\t\t\t\t<\/div>\n\t\t<\/section>\n\t\t\t\t<\/div>\n\t\t\t\t<\/div>\n\t\t\t\t\t\t<\/div>\n\t\t\t\t<\/div>\n\t\t\t\t\t<\/div>\n\t\t<\/div>\n\t\t\t\t\t<\/div>\n\t\t<\/section>\n\t\t\t\t<\/div>\n\t\t","protected":false},"excerpt":{"rendered":"<p>User Experience (UX) User Experience (UX) \u201cUser Experience\u201d is one of the most popular terms of the last period and a term we hear frequently in the digital world. It is a branch of science that examines how your products, brand or service is used and interpreted by your target audience, and that everyone who&hellip; <a class=\"more-link\" href=\"https:\/\/mobitek.com\/en\/user-experience-ux\/\">Continue reading <span class=\"screen-reader-text\">User Experience (UX)<\/span><\/a><\/p>\n","protected":false},"author":3,"featured_media":0,"parent":0,"menu_order":0,"comment_status":"closed","ping_status":"closed","template":"","meta":{"footnotes":""},"class_list":["post-17875","page","type-page","status-publish","hentry","entry"],"_links":{"self":[{"href":"https:\/\/mobitek.com\/en\/wp-json\/wp\/v2\/pages\/17875","targetHints":{"allow":["GET"]}}],"collection":[{"href":"https:\/\/mobitek.com\/en\/wp-json\/wp\/v2\/pages"}],"about":[{"href":"https:\/\/mobitek.com\/en\/wp-json\/wp\/v2\/types\/page"}],"author":[{"embeddable":true,"href":"https:\/\/mobitek.com\/en\/wp-json\/wp\/v2\/users\/3"}],"replies":[{"embeddable":true,"href":"https:\/\/mobitek.com\/en\/wp-json\/wp\/v2\/comments?post=17875"}],"version-history":[{"count":4,"href":"https:\/\/mobitek.com\/en\/wp-json\/wp\/v2\/pages\/17875\/revisions"}],"predecessor-version":[{"id":17879,"href":"https:\/\/mobitek.com\/en\/wp-json\/wp\/v2\/pages\/17875\/revisions\/17879"}],"wp:attachment":[{"href":"https:\/\/mobitek.com\/en\/wp-json\/wp\/v2\/media?parent=17875"}],"curies":[{"name":"wp","href":"https:\/\/api.w.org\/{rel}","templated":true}]}}